{"id":389,"date":"2020-06-30T17:16:49","date_gmt":"2020-06-30T17:16:49","guid":{"rendered":"https:\/\/newstagepower.com\/?post_type=product&#038;p=389"},"modified":"2020-08-19T20:40:23","modified_gmt":"2020-08-19T20:40:23","slug":"associate","status":"publish","type":"product","link":"https:\/\/newstagepower.com\/es\/producto\/associate\/","title":{"rendered":"Asociado"},"content":{"rendered":"","protected":false},"excerpt":{"rendered":"<p>Convertirse en un Asociado de New Stage es la forma m\u00e1s f\u00e1cil de acceder a las oportunidades y ventajas \u00fanicas que el modelo de negocios de New Stage tiene para ofrecer. Como Asociado, disfruta de los precios de distribuidor para todo nuestro cat\u00e1logo de productos y recibe una colecci\u00f3n de cinco [05] productos para comenzar.<\/p>\n<p>Su cuenta de Asociado le permitir\u00e1 comenzar a ganar sus primeras comisiones en poco tiempo. Sin embargo, los Asociados solo reciben comisiones de otros asociados en su l\u00ednea descendente. Por esa raz\u00f3n, ning\u00fan miembro permanece como Asociado por mucho tiempo, porque los miembros Gold, Ruby y Diamond obtienen mejores porcentajes de comisi\u00f3n. \u00a1Puede actualizar su cuenta a cualquier otro paquete en cualquier momento pagando solo la diferencia de precio entre ellos!<\/p>\n<p>LA UNI\u00d3N ASOCIADA EN PAQUETE CONTIENE LOS SIGUIENTES PRODUCTOS Y CANTIDADES:<\/p>\n<p>[1] Resveratrol de energ\u00eda juvenil<\/p>\n<p>[1] Poder libre de estr\u00e9s<\/p>\n<p>Col\u00e1geno Completo<\/p>\n<p>[1] Poder sin grasa<\/p>\n<p>[1] Figura Pleni<\/p>","protected":false},"featured_media":391,"comment_status":"open","ping_status":"closed","template":"","meta":{"spay_email":""},"product_cat":[43],"product_tag":[],"yoast_head":"<!-- This site is optimized with the Yoast SEO plugin v18.3 - https:\/\/yoast.com\/wordpress\/plugins\/seo\/ -->\n<title>Associate - New Stage<\/title>\n<meta name=\"robots\" content=\"index, follow, max-snippet:-1, max-image-preview:large, max-video-preview:-1\" \/>\n<link rel=\"canonical\" href=\"https:\/\/newstagepower.com\/es\/producto\/associate\/\" \/>\n<meta property=\"og:locale\" content=\"es_MX\" \/>\n<meta property=\"og:type\" content=\"article\" \/>\n<meta property=\"og:title\" content=\"Associate - New Stage\" \/>\n<meta property=\"og:description\" content=\"Becoming a New Stage Associate is the easiest way to access the unique opportunities and advantages that the New Stage business model has to offer. As an Associate, you enjoy distributor prices for our entire product catalog and you receive a five [05] product collection to get you started.  Your Associate account will allow you to start earning your first commissions in no time. However, Associates receive only commissions from other associates in their downline. For that reason, no member stays as an Associate for very long, because Gold, Ruby and Diamond members get better commission percentages. You can upgrade your account to any other package at any time by paying only the difference in price between them!  THE ASSOCIATE JOINING IN PACKAGE CONTAINS THE FOLLOWING PRODUCTS AND QUANTITIES:  [1] Youth Power Resveratrol  [1] Stress Free Power  [1] Complete Collagen  [1] Power Fat Less  [1] Pleni Figure\" \/>\n<meta property=\"og:url\" content=\"https:\/\/newstagepower.com\/es\/producto\/associate\/\" \/>\n<meta property=\"og:site_name\" content=\"New Stage\" \/>\n<meta property=\"article:modified_time\" content=\"2020-08-19T20:40:23+00:00\" \/>\n<meta property=\"og:image\" content=\"https:\/\/newstagepower.com\/wp-content\/uploads\/2020\/06\/Paquete-1-Ingles.jpg\" \/>\n\t<meta property=\"og:image:width\" content=\"1400\" \/>\n\t<meta property=\"og:image:height\" content=\"1400\" \/>\n\t<meta property=\"og:image:type\" content=\"image\/jpeg\" \/>\n<meta name=\"twitter:card\" content=\"summary_large_image\" \/>\n<script type=\"application\/ld+json\" class=\"yoast-schema-graph\">{\"@context\":\"https:\/\/schema.org\",\"@graph\":[{\"@type\":\"WebSite\",\"@id\":\"https:\/\/newstagepower.com\/es\/#website\",\"url\":\"https:\/\/newstagepower.com\/es\/\",\"name\":\"New Stage\",\"description\":\"Healthy Living\",\"potentialAction\":[{\"@type\":\"SearchAction\",\"target\":{\"@type\":\"EntryPoint\",\"urlTemplate\":\"https:\/\/newstagepower.com\/es\/?s={search_term_string}\"},\"query-input\":\"required name=search_term_string\"}],\"inLanguage\":\"es-MX\"},{\"@type\":\"ImageObject\",\"@id\":\"https:\/\/newstagepower.com\/es\/producto\/associate\/#primaryimage\",\"inLanguage\":\"es-MX\",\"url\":\"https:\/\/newstagepower.com\/wp-content\/uploads\/2020\/06\/Paquete-1-Ingles.jpg\",\"contentUrl\":\"https:\/\/newstagepower.com\/wp-content\/uploads\/2020\/06\/Paquete-1-Ingles.jpg\",\"width\":1400,\"height\":1400},{\"@type\":\"WebPage\",\"@id\":\"https:\/\/newstagepower.com\/es\/producto\/associate\/#webpage\",\"url\":\"https:\/\/newstagepower.com\/es\/producto\/associate\/\",\"name\":\"Associate - New Stage\",\"isPartOf\":{\"@id\":\"https:\/\/newstagepower.com\/es\/#website\"},\"primaryImageOfPage\":{\"@id\":\"https:\/\/newstagepower.com\/es\/producto\/associate\/#primaryimage\"},\"datePublished\":\"2020-06-30T17:16:49+00:00\",\"dateModified\":\"2020-08-19T20:40:23+00:00\",\"breadcrumb\":{\"@id\":\"https:\/\/newstagepower.com\/es\/producto\/associate\/#breadcrumb\"},\"inLanguage\":\"es-MX\",\"potentialAction\":[{\"@type\":\"ReadAction\",\"target\":[\"https:\/\/newstagepower.com\/es\/producto\/associate\/\"]}]},{\"@type\":\"BreadcrumbList\",\"@id\":\"https:\/\/newstagepower.com\/es\/producto\/associate\/#breadcrumb\",\"itemListElement\":[{\"@type\":\"ListItem\",\"position\":1,\"name\":\"Home\",\"item\":\"https:\/\/newstagepower.com\/es\/\"},{\"@type\":\"ListItem\",\"position\":2,\"name\":\"Productos\",\"item\":\"https:\/\/newstagepower.com\/es\/shop\/\"},{\"@type\":\"ListItem\",\"position\":3,\"name\":\"Associate\"}]}]}<\/script>\n<!-- \/ Yoast SEO plugin. -->","yoast_head_json":{"title":"Associate - New Stage","robots":{"index":"index","follow":"follow","max-snippet":"max-snippet:-1","max-image-preview":"max-image-preview:large","max-video-preview":"max-video-preview:-1"},"canonical":"https:\/\/newstagepower.com\/es\/producto\/associate\/","og_locale":"es_MX","og_type":"article","og_title":"Associate - New Stage","og_description":"Becoming a New Stage Associate is the easiest way to access the unique opportunities and advantages that the New Stage business model has to offer. As an Associate, you enjoy distributor prices for our entire product catalog and you receive a five [05] product collection to get you started.  Your Associate account will allow you to start earning your first commissions in no time. However, Associates receive only commissions from other associates in their downline. For that reason, no member stays as an Associate for very long, because Gold, Ruby and Diamond members get better commission percentages. You can upgrade your account to any other package at any time by paying only the difference in price between them!  THE ASSOCIATE JOINING IN PACKAGE CONTAINS THE FOLLOWING PRODUCTS AND QUANTITIES:  [1] Youth Power Resveratrol  [1] Stress Free Power  [1] Complete Collagen  [1] Power Fat Less  [1] Pleni Figure","og_url":"https:\/\/newstagepower.com\/es\/producto\/associate\/","og_site_name":"New Stage","article_modified_time":"2020-08-19T20:40:23+00:00","og_image":[{"width":1400,"height":1400,"url":"https:\/\/newstagepower.com\/wp-content\/uploads\/2020\/06\/Paquete-1-Ingles.jpg","type":"image\/jpeg"}],"twitter_card":"summary_large_image","schema":{"@context":"https:\/\/schema.org","@graph":[{"@type":"WebSite","@id":"https:\/\/newstagepower.com\/es\/#website","url":"https:\/\/newstagepower.com\/es\/","name":"New Stage","description":"Healthy Living","potentialAction":[{"@type":"SearchAction","target":{"@type":"EntryPoint","urlTemplate":"https:\/\/newstagepower.com\/es\/?s={search_term_string}"},"query-input":"required name=search_term_string"}],"inLanguage":"es-MX"},{"@type":"ImageObject","@id":"https:\/\/newstagepower.com\/es\/producto\/associate\/#primaryimage","inLanguage":"es-MX","url":"https:\/\/newstagepower.com\/wp-content\/uploads\/2020\/06\/Paquete-1-Ingles.jpg","contentUrl":"https:\/\/newstagepower.com\/wp-content\/uploads\/2020\/06\/Paquete-1-Ingles.jpg","width":1400,"height":1400},{"@type":"WebPage","@id":"https:\/\/newstagepower.com\/es\/producto\/associate\/#webpage","url":"https:\/\/newstagepower.com\/es\/producto\/associate\/","name":"Associate - New Stage","isPartOf":{"@id":"https:\/\/newstagepower.com\/es\/#website"},"primaryImageOfPage":{"@id":"https:\/\/newstagepower.com\/es\/producto\/associate\/#primaryimage"},"datePublished":"2020-06-30T17:16:49+00:00","dateModified":"2020-08-19T20:40:23+00:00","breadcrumb":{"@id":"https:\/\/newstagepower.com\/es\/producto\/associate\/#breadcrumb"},"inLanguage":"es-MX","potentialAction":[{"@type":"ReadAction","target":["https:\/\/newstagepower.com\/es\/producto\/associate\/"]}]},{"@type":"BreadcrumbList","@id":"https:\/\/newstagepower.com\/es\/producto\/associate\/#breadcrumb","itemListElement":[{"@type":"ListItem","position":1,"name":"Home","item":"https:\/\/newstagepower.com\/es\/"},{"@type":"ListItem","position":2,"name":"Productos","item":"https:\/\/newstagepower.com\/es\/shop\/"},{"@type":"ListItem","position":3,"name":"Associate"}]}]}},"_links":{"self":[{"href":"https:\/\/newstagepower.com\/es\/wp-json\/wp\/v2\/product\/389"}],"collection":[{"href":"https:\/\/newstagepower.com\/es\/wp-json\/wp\/v2\/product"}],"about":[{"href":"https:\/\/newstagepower.com\/es\/wp-json\/wp\/v2\/types\/product"}],"replies":[{"embeddable":true,"href":"https:\/\/newstagepower.com\/es\/wp-json\/wp\/v2\/comments?post=389"}],"wp:featuredmedia":[{"embeddable":true,"href":"https:\/\/newstagepower.com\/es\/wp-json\/wp\/v2\/media\/391"}],"wp:attachment":[{"href":"https:\/\/newstagepower.com\/es\/wp-json\/wp\/v2\/media?parent=389"}],"wp:term":[{"taxonomy":"product_cat","embeddable":true,"href":"https:\/\/newstagepower.com\/es\/wp-json\/wp\/v2\/product_cat?post=389"},{"taxonomy":"product_tag","embeddable":true,"href":"https:\/\/newstagepower.com\/es\/wp-json\/wp\/v2\/product_tag?post=389"}],"curies":[{"name":"wp","href":"https:\/\/api.w.org\/{rel}","templated":true}]}}