{"id":396,"date":"2020-06-30T17:20:55","date_gmt":"2020-06-30T17:20:55","guid":{"rendered":"https:\/\/newstagepower.com\/?post_type=product&#038;p=396"},"modified":"2020-08-19T20:39:07","modified_gmt":"2020-08-19T20:39:07","slug":"ruby","status":"publish","type":"product","link":"https:\/\/newstagepower.com\/es\/producto\/ruby\/","title":{"rendered":"Rub\u00ed"},"content":{"rendered":"","protected":false},"excerpt":{"rendered":"<p>Adem\u00e1s del acceso a los precios de distribuidor para todos los productos New Stage, las cuentas Ruby obtienen mejores compensaciones y reciben comisiones de todas las cuentas Ruby, Gold y Associate en su l\u00ednea descendente. Solo las comisiones de la cuenta Diamond est\u00e1n por encima de Ruby. Sin embargo, puede actualizar a una cuenta Diamond y obtener el m\u00e1ximo beneficio del modelo de negocio New Stage f\u00e1cilmente.<\/p>\n<p>Al unirse como Ruby, recibir\u00e1 un paquete inicial que contiene trece [13] de nuestros productos efectivos y de alta calidad. \u00danase a New Stage ahora y comience a vivir los beneficios en salud y calidad de vida que nuestra filosof\u00eda le ofrece a usted y a sus clientes potenciales.<\/p>\n<p>&nbsp;<\/p>\n<p>EL RUB\u00cd QUE SE UNE EN EL PAQUETE CONTIENE LOS SIGUIENTES PRODUCTOS Y CANTIDADES:<\/p>\n<p>[1] Resveratrol de energ\u00eda juvenil<\/p>\n<p>[1] Poder libre de estr\u00e9s<\/p>\n<p>Col\u00e1geno Completo<\/p>\n<p>[1] Poder sin grasa<\/p>\n<p>[1] Figura Pleni<\/p>\n<p>[2] Crema Nutrientes Pleni<\/p>\n<p>[1] Sistema de Energ\u00eda Femenino<\/p>\n<p>[1] Plenialoe<\/p>\n<p>[1] Power Fruit<\/p>\n<p>[1] Pleni Shake<\/p>\n<p>[1] Caf\u00e9 New Stage<\/p>\n<p>[1] Pleni Oxygen C<\/p>","protected":false},"featured_media":397,"comment_status":"open","ping_status":"closed","template":"","meta":{"spay_email":""},"product_cat":[43],"product_tag":[],"yoast_head":"<!-- This site is optimized with the Yoast SEO plugin v18.3 - https:\/\/yoast.com\/wordpress\/plugins\/seo\/ -->\n<title>Ruby - New Stage<\/title>\n<meta name=\"robots\" content=\"index, follow, max-snippet:-1, max-image-preview:large, max-video-preview:-1\" \/>\n<link rel=\"canonical\" href=\"https:\/\/newstagepower.com\/es\/producto\/ruby\/\" \/>\n<meta property=\"og:locale\" content=\"es_MX\" \/>\n<meta property=\"og:type\" content=\"article\" \/>\n<meta property=\"og:title\" content=\"Ruby - New Stage\" \/>\n<meta property=\"og:description\" content=\"In addition to access to distributor prices for all New Stage products, Ruby accounts get better compensations and receive commissions from all Ruby, Gold and Associate accounts in their downline. Only Diamond account commissions are above Ruby. However, you can upgrade to a Diamond account and take the maximum profit from the New Stage business model easily.  By joining in as a Ruby, you receive a starting package containing thirteen [13] of our high-quality and effective products. Join New Stage now and start living the benefits in health and quality of life that our philosophy offers you and your potential customers.  &nbsp;  THE RUBY JOINING IN PACKAGE CONTAINS THE FOLLOWING PRODUCTS AND QUANTITIES:  [1] Youth Power Resveratrol  [1] Stress Free Power  [1] Complete Collagen  [1] Power Fat Less  [1] Pleni Figure  [2] Pleni Nutrients Cream  [1] Female Power System  [1] Plenialoe  [1] Power Fruit  [1] Pleni Shake  [1] Coffee New Stage  [1] Pleni Oxygen C\" \/>\n<meta property=\"og:url\" content=\"https:\/\/newstagepower.com\/es\/producto\/ruby\/\" \/>\n<meta property=\"og:site_name\" content=\"New Stage\" \/>\n<meta property=\"article:modified_time\" content=\"2020-08-19T20:39:07+00:00\" \/>\n<meta property=\"og:image\" content=\"https:\/\/newstagepower.com\/wp-content\/uploads\/2020\/06\/Paquete-3-ingles.jpg\" \/>\n\t<meta property=\"og:image:width\" content=\"1400\" \/>\n\t<meta property=\"og:image:height\" content=\"1400\" \/>\n\t<meta property=\"og:image:type\" content=\"image\/jpeg\" \/>\n<meta name=\"twitter:card\" content=\"summary_large_image\" \/>\n<script type=\"application\/ld+json\" class=\"yoast-schema-graph\">{\"@context\":\"https:\/\/schema.org\",\"@graph\":[{\"@type\":\"WebSite\",\"@id\":\"https:\/\/newstagepower.com\/es\/#website\",\"url\":\"https:\/\/newstagepower.com\/es\/\",\"name\":\"New Stage\",\"description\":\"Healthy Living\",\"potentialAction\":[{\"@type\":\"SearchAction\",\"target\":{\"@type\":\"EntryPoint\",\"urlTemplate\":\"https:\/\/newstagepower.com\/es\/?s={search_term_string}\"},\"query-input\":\"required name=search_term_string\"}],\"inLanguage\":\"es-MX\"},{\"@type\":\"ImageObject\",\"@id\":\"https:\/\/newstagepower.com\/es\/producto\/ruby\/#primaryimage\",\"inLanguage\":\"es-MX\",\"url\":\"https:\/\/newstagepower.com\/wp-content\/uploads\/2020\/06\/Paquete-3-ingles.jpg\",\"contentUrl\":\"https:\/\/newstagepower.com\/wp-content\/uploads\/2020\/06\/Paquete-3-ingles.jpg\",\"width\":1400,\"height\":1400},{\"@type\":\"WebPage\",\"@id\":\"https:\/\/newstagepower.com\/es\/producto\/ruby\/#webpage\",\"url\":\"https:\/\/newstagepower.com\/es\/producto\/ruby\/\",\"name\":\"Ruby - New Stage\",\"isPartOf\":{\"@id\":\"https:\/\/newstagepower.com\/es\/#website\"},\"primaryImageOfPage\":{\"@id\":\"https:\/\/newstagepower.com\/es\/producto\/ruby\/#primaryimage\"},\"datePublished\":\"2020-06-30T17:20:55+00:00\",\"dateModified\":\"2020-08-19T20:39:07+00:00\",\"breadcrumb\":{\"@id\":\"https:\/\/newstagepower.com\/es\/producto\/ruby\/#breadcrumb\"},\"inLanguage\":\"es-MX\",\"potentialAction\":[{\"@type\":\"ReadAction\",\"target\":[\"https:\/\/newstagepower.com\/es\/producto\/ruby\/\"]}]},{\"@type\":\"BreadcrumbList\",\"@id\":\"https:\/\/newstagepower.com\/es\/producto\/ruby\/#breadcrumb\",\"itemListElement\":[{\"@type\":\"ListItem\",\"position\":1,\"name\":\"Home\",\"item\":\"https:\/\/newstagepower.com\/es\/\"},{\"@type\":\"ListItem\",\"position\":2,\"name\":\"Productos\",\"item\":\"https:\/\/newstagepower.com\/es\/shop\/\"},{\"@type\":\"ListItem\",\"position\":3,\"name\":\"Ruby\"}]}]}<\/script>\n<!-- \/ Yoast SEO plugin. -->","yoast_head_json":{"title":"Ruby - New Stage","robots":{"index":"index","follow":"follow","max-snippet":"max-snippet:-1","max-image-preview":"max-image-preview:large","max-video-preview":"max-video-preview:-1"},"canonical":"https:\/\/newstagepower.com\/es\/producto\/ruby\/","og_locale":"es_MX","og_type":"article","og_title":"Ruby - New Stage","og_description":"In addition to access to distributor prices for all New Stage products, Ruby accounts get better compensations and receive commissions from all Ruby, Gold and Associate accounts in their downline. Only Diamond account commissions are above Ruby. However, you can upgrade to a Diamond account and take the maximum profit from the New Stage business model easily.  By joining in as a Ruby, you receive a starting package containing thirteen [13] of our high-quality and effective products. Join New Stage now and start living the benefits in health and quality of life that our philosophy offers you and your potential customers.  &nbsp;  THE RUBY JOINING IN PACKAGE CONTAINS THE FOLLOWING PRODUCTS AND QUANTITIES:  [1] Youth Power Resveratrol  [1] Stress Free Power  [1] Complete Collagen  [1] Power Fat Less  [1] Pleni Figure  [2] Pleni Nutrients Cream  [1] Female Power System  [1] Plenialoe  [1] Power Fruit  [1] Pleni Shake  [1] Coffee New Stage  [1] Pleni Oxygen C","og_url":"https:\/\/newstagepower.com\/es\/producto\/ruby\/","og_site_name":"New Stage","article_modified_time":"2020-08-19T20:39:07+00:00","og_image":[{"width":1400,"height":1400,"url":"https:\/\/newstagepower.com\/wp-content\/uploads\/2020\/06\/Paquete-3-ingles.jpg","type":"image\/jpeg"}],"twitter_card":"summary_large_image","schema":{"@context":"https:\/\/schema.org","@graph":[{"@type":"WebSite","@id":"https:\/\/newstagepower.com\/es\/#website","url":"https:\/\/newstagepower.com\/es\/","name":"New Stage","description":"Healthy Living","potentialAction":[{"@type":"SearchAction","target":{"@type":"EntryPoint","urlTemplate":"https:\/\/newstagepower.com\/es\/?s={search_term_string}"},"query-input":"required name=search_term_string"}],"inLanguage":"es-MX"},{"@type":"ImageObject","@id":"https:\/\/newstagepower.com\/es\/producto\/ruby\/#primaryimage","inLanguage":"es-MX","url":"https:\/\/newstagepower.com\/wp-content\/uploads\/2020\/06\/Paquete-3-ingles.jpg","contentUrl":"https:\/\/newstagepower.com\/wp-content\/uploads\/2020\/06\/Paquete-3-ingles.jpg","width":1400,"height":1400},{"@type":"WebPage","@id":"https:\/\/newstagepower.com\/es\/producto\/ruby\/#webpage","url":"https:\/\/newstagepower.com\/es\/producto\/ruby\/","name":"Ruby - New Stage","isPartOf":{"@id":"https:\/\/newstagepower.com\/es\/#website"},"primaryImageOfPage":{"@id":"https:\/\/newstagepower.com\/es\/producto\/ruby\/#primaryimage"},"datePublished":"2020-06-30T17:20:55+00:00","dateModified":"2020-08-19T20:39:07+00:00","breadcrumb":{"@id":"https:\/\/newstagepower.com\/es\/producto\/ruby\/#breadcrumb"},"inLanguage":"es-MX","potentialAction":[{"@type":"ReadAction","target":["https:\/\/newstagepower.com\/es\/producto\/ruby\/"]}]},{"@type":"BreadcrumbList","@id":"https:\/\/newstagepower.com\/es\/producto\/ruby\/#breadcrumb","itemListElement":[{"@type":"ListItem","position":1,"name":"Home","item":"https:\/\/newstagepower.com\/es\/"},{"@type":"ListItem","position":2,"name":"Productos","item":"https:\/\/newstagepower.com\/es\/shop\/"},{"@type":"ListItem","position":3,"name":"Ruby"}]}]}},"_links":{"self":[{"href":"https:\/\/newstagepower.com\/es\/wp-json\/wp\/v2\/product\/396"}],"collection":[{"href":"https:\/\/newstagepower.com\/es\/wp-json\/wp\/v2\/product"}],"about":[{"href":"https:\/\/newstagepower.com\/es\/wp-json\/wp\/v2\/types\/product"}],"replies":[{"embeddable":true,"href":"https:\/\/newstagepower.com\/es\/wp-json\/wp\/v2\/comments?post=396"}],"wp:featuredmedia":[{"embeddable":true,"href":"https:\/\/newstagepower.com\/es\/wp-json\/wp\/v2\/media\/397"}],"wp:attachment":[{"href":"https:\/\/newstagepower.com\/es\/wp-json\/wp\/v2\/media?parent=396"}],"wp:term":[{"taxonomy":"product_cat","embeddable":true,"href":"https:\/\/newstagepower.com\/es\/wp-json\/wp\/v2\/product_cat?post=396"},{"taxonomy":"product_tag","embeddable":true,"href":"https:\/\/newstagepower.com\/es\/wp-json\/wp\/v2\/product_tag?post=396"}],"curies":[{"name":"wp","href":"https:\/\/api.w.org\/{rel}","templated":true}]}}