{"id":399,"date":"2020-06-30T17:22:22","date_gmt":"2020-06-30T17:22:22","guid":{"rendered":"https:\/\/newstagepower.com\/?post_type=product&#038;p=399"},"modified":"2025-09-27T01:07:55","modified_gmt":"2025-09-27T01:07:55","slug":"diamond","status":"publish","type":"product","link":"https:\/\/newstagepower.com\/es\/producto\/diamond\/","title":{"rendered":"Diamante"},"content":{"rendered":"","protected":false},"excerpt":{"rendered":"<p>Dado que el revolucionario sistema de New Stage te permite elegir d\u00f3nde quieres comenzar, puedes convertirte en un Diamante desde el primer d\u00eda. Los diamantes tienen numerosos beneficios porque son el tipo de cuenta m\u00e1s rentable. Adem\u00e1s de los precios de distribuci\u00f3n para todos nuestros productos, los diamantes obtienen los mejores porcentajes y compensaciones de todos los aspectos del modelo de negocios de New Stage y reciben comisiones de todas las cuentas, sin restricciones.<\/p>\n<p>Al unirse como Diamante, recibir\u00e1 un paquete inicial que contiene dieciocho [18] art\u00edculos, que incluye al menos uno de casi todos los productos de nuestro cat\u00e1logo. \u00a1Ser un New Stage Diamond es la mejor opci\u00f3n para mejorar tu vida al siguiente nivel!<\/p>\n<p>EL DIAMANTE QUE SE UNE EN EL PAQUETE CONTIENE LOS SIGUIENTES PRODUCTOS Y CANTIDADES:<\/p>\n<p>[2] Resveratrol de energ\u00eda juvenil<\/p>\n<p>[1] Poder libre de estr\u00e9s<\/p>\n<p>[2] Col\u00e1geno completo<\/p>\n<p>[1] Poder sin grasa<\/p>\n<p>[1] Figura Pleni<\/p>\n<p>[2] Crema Nutrientes Pleni<\/p>\n<p>[1] Sistema de Energ\u00eda Femenino<\/p>\n<p>[1] Plenialoe<\/p>\n<p>[1] Power Fruit<\/p>\n<p>[3] Pleni Shake<\/p>\n<p>[1] Slender Power Gel<\/p>\n<p>[1] Caf\u00e9 New Stage<\/p>\n<p>[1] Pleni Oxygen C<\/p>","protected":false},"featured_media":400,"comment_status":"open","ping_status":"closed","template":"","meta":{"spay_email":""},"product_cat":[43],"product_tag":[],"yoast_head":"<!-- This site is optimized with the Yoast SEO plugin v18.3 - https:\/\/yoast.com\/wordpress\/plugins\/seo\/ -->\n<title>Diamond - New Stage<\/title>\n<meta name=\"robots\" content=\"index, follow, max-snippet:-1, max-image-preview:large, max-video-preview:-1\" \/>\n<link rel=\"canonical\" href=\"https:\/\/newstagepower.com\/es\/producto\/diamond\/\" \/>\n<meta property=\"og:locale\" content=\"es_MX\" \/>\n<meta property=\"og:type\" content=\"article\" \/>\n<meta property=\"og:title\" content=\"Diamond - New Stage\" \/>\n<meta property=\"og:description\" content=\"Since New Stage\u2019s revolutionary system lets you choose where you want to start, you can become a Diamond from the first day. Diamonds have numerous benefits because they are the most profitable account type. In addition to distributor prices for all our products, Diamonds get the best percentages and compensations out of every aspect of the New Stage business model and they receive commissions from all accounts, without restrictions.  By joining in as a Diamond, you receive a starting package containing eighteen [18] items, which include at least one of almost all the products in our catalog. Being a New Stage Diamond is the best choice to boost your living to the next level!  THE DIAMOND JOINING IN PACKAGE CONTAINS THE FOLLOWING PRODUCTS AND QUANTITIES:  [2] Youth Power Resveratrol  [1] Stress Free Power  [2] Complete Collagen  [1] Power Fat Less  [1] Pleni Figure  [2] Pleni Nutrients Cream  [1] Female Power System  [1] Plenialoe  [1] Power Fruit  [3] Pleni Shake  [1] Slender Power Gel  [1] Coffee New Stage  [1] Pleni Oxygen C\" \/>\n<meta property=\"og:url\" content=\"https:\/\/newstagepower.com\/es\/producto\/diamond\/\" \/>\n<meta property=\"og:site_name\" content=\"New Stage\" \/>\n<meta property=\"article:modified_time\" content=\"2025-09-27T01:07:55+00:00\" \/>\n<meta property=\"og:image\" content=\"https:\/\/newstagepower.com\/wp-content\/uploads\/2020\/06\/Paquete-4-ingles.jpg\" \/>\n\t<meta property=\"og:image:width\" content=\"1400\" \/>\n\t<meta property=\"og:image:height\" content=\"1400\" \/>\n\t<meta property=\"og:image:type\" content=\"image\/jpeg\" \/>\n<meta name=\"twitter:card\" content=\"summary_large_image\" \/>\n<script type=\"application\/ld+json\" class=\"yoast-schema-graph\">{\"@context\":\"https:\/\/schema.org\",\"@graph\":[{\"@type\":\"WebSite\",\"@id\":\"https:\/\/newstagepower.com\/es\/#website\",\"url\":\"https:\/\/newstagepower.com\/es\/\",\"name\":\"New Stage\",\"description\":\"Healthy Living\",\"potentialAction\":[{\"@type\":\"SearchAction\",\"target\":{\"@type\":\"EntryPoint\",\"urlTemplate\":\"https:\/\/newstagepower.com\/es\/?s={search_term_string}\"},\"query-input\":\"required name=search_term_string\"}],\"inLanguage\":\"es-MX\"},{\"@type\":\"ImageObject\",\"@id\":\"https:\/\/newstagepower.com\/es\/producto\/diamond\/#primaryimage\",\"inLanguage\":\"es-MX\",\"url\":\"https:\/\/newstagepower.com\/wp-content\/uploads\/2020\/06\/Paquete-4-ingles.jpg\",\"contentUrl\":\"https:\/\/newstagepower.com\/wp-content\/uploads\/2020\/06\/Paquete-4-ingles.jpg\",\"width\":1400,\"height\":1400},{\"@type\":\"WebPage\",\"@id\":\"https:\/\/newstagepower.com\/es\/producto\/diamond\/#webpage\",\"url\":\"https:\/\/newstagepower.com\/es\/producto\/diamond\/\",\"name\":\"Diamond - New Stage\",\"isPartOf\":{\"@id\":\"https:\/\/newstagepower.com\/es\/#website\"},\"primaryImageOfPage\":{\"@id\":\"https:\/\/newstagepower.com\/es\/producto\/diamond\/#primaryimage\"},\"datePublished\":\"2020-06-30T17:22:22+00:00\",\"dateModified\":\"2025-09-27T01:07:55+00:00\",\"breadcrumb\":{\"@id\":\"https:\/\/newstagepower.com\/es\/producto\/diamond\/#breadcrumb\"},\"inLanguage\":\"es-MX\",\"potentialAction\":[{\"@type\":\"ReadAction\",\"target\":[\"https:\/\/newstagepower.com\/es\/producto\/diamond\/\"]}]},{\"@type\":\"BreadcrumbList\",\"@id\":\"https:\/\/newstagepower.com\/es\/producto\/diamond\/#breadcrumb\",\"itemListElement\":[{\"@type\":\"ListItem\",\"position\":1,\"name\":\"Home\",\"item\":\"https:\/\/newstagepower.com\/es\/\"},{\"@type\":\"ListItem\",\"position\":2,\"name\":\"Productos\",\"item\":\"https:\/\/newstagepower.com\/es\/shop\/\"},{\"@type\":\"ListItem\",\"position\":3,\"name\":\"Diamond\"}]}]}<\/script>\n<!-- \/ Yoast SEO plugin. -->","yoast_head_json":{"title":"Diamond - New Stage","robots":{"index":"index","follow":"follow","max-snippet":"max-snippet:-1","max-image-preview":"max-image-preview:large","max-video-preview":"max-video-preview:-1"},"canonical":"https:\/\/newstagepower.com\/es\/producto\/diamond\/","og_locale":"es_MX","og_type":"article","og_title":"Diamond - New Stage","og_description":"Since New Stage\u2019s revolutionary system lets you choose where you want to start, you can become a Diamond from the first day. Diamonds have numerous benefits because they are the most profitable account type. In addition to distributor prices for all our products, Diamonds get the best percentages and compensations out of every aspect of the New Stage business model and they receive commissions from all accounts, without restrictions.  By joining in as a Diamond, you receive a starting package containing eighteen [18] items, which include at least one of almost all the products in our catalog. Being a New Stage Diamond is the best choice to boost your living to the next level!  THE DIAMOND JOINING IN PACKAGE CONTAINS THE FOLLOWING PRODUCTS AND QUANTITIES:  [2] Youth Power Resveratrol  [1] Stress Free Power  [2] Complete Collagen  [1] Power Fat Less  [1] Pleni Figure  [2] Pleni Nutrients Cream  [1] Female Power System  [1] Plenialoe  [1] Power Fruit  [3] Pleni Shake  [1] Slender Power Gel  [1] Coffee New Stage  [1] Pleni Oxygen C","og_url":"https:\/\/newstagepower.com\/es\/producto\/diamond\/","og_site_name":"New Stage","article_modified_time":"2025-09-27T01:07:55+00:00","og_image":[{"width":1400,"height":1400,"url":"https:\/\/newstagepower.com\/wp-content\/uploads\/2020\/06\/Paquete-4-ingles.jpg","type":"image\/jpeg"}],"twitter_card":"summary_large_image","schema":{"@context":"https:\/\/schema.org","@graph":[{"@type":"WebSite","@id":"https:\/\/newstagepower.com\/es\/#website","url":"https:\/\/newstagepower.com\/es\/","name":"New Stage","description":"Healthy Living","potentialAction":[{"@type":"SearchAction","target":{"@type":"EntryPoint","urlTemplate":"https:\/\/newstagepower.com\/es\/?s={search_term_string}"},"query-input":"required name=search_term_string"}],"inLanguage":"es-MX"},{"@type":"ImageObject","@id":"https:\/\/newstagepower.com\/es\/producto\/diamond\/#primaryimage","inLanguage":"es-MX","url":"https:\/\/newstagepower.com\/wp-content\/uploads\/2020\/06\/Paquete-4-ingles.jpg","contentUrl":"https:\/\/newstagepower.com\/wp-content\/uploads\/2020\/06\/Paquete-4-ingles.jpg","width":1400,"height":1400},{"@type":"WebPage","@id":"https:\/\/newstagepower.com\/es\/producto\/diamond\/#webpage","url":"https:\/\/newstagepower.com\/es\/producto\/diamond\/","name":"Diamond - New Stage","isPartOf":{"@id":"https:\/\/newstagepower.com\/es\/#website"},"primaryImageOfPage":{"@id":"https:\/\/newstagepower.com\/es\/producto\/diamond\/#primaryimage"},"datePublished":"2020-06-30T17:22:22+00:00","dateModified":"2025-09-27T01:07:55+00:00","breadcrumb":{"@id":"https:\/\/newstagepower.com\/es\/producto\/diamond\/#breadcrumb"},"inLanguage":"es-MX","potentialAction":[{"@type":"ReadAction","target":["https:\/\/newstagepower.com\/es\/producto\/diamond\/"]}]},{"@type":"BreadcrumbList","@id":"https:\/\/newstagepower.com\/es\/producto\/diamond\/#breadcrumb","itemListElement":[{"@type":"ListItem","position":1,"name":"Home","item":"https:\/\/newstagepower.com\/es\/"},{"@type":"ListItem","position":2,"name":"Productos","item":"https:\/\/newstagepower.com\/es\/shop\/"},{"@type":"ListItem","position":3,"name":"Diamond"}]}]}},"_links":{"self":[{"href":"https:\/\/newstagepower.com\/es\/wp-json\/wp\/v2\/product\/399"}],"collection":[{"href":"https:\/\/newstagepower.com\/es\/wp-json\/wp\/v2\/product"}],"about":[{"href":"https:\/\/newstagepower.com\/es\/wp-json\/wp\/v2\/types\/product"}],"replies":[{"embeddable":true,"href":"https:\/\/newstagepower.com\/es\/wp-json\/wp\/v2\/comments?post=399"}],"wp:featuredmedia":[{"embeddable":true,"href":"https:\/\/newstagepower.com\/es\/wp-json\/wp\/v2\/media\/400"}],"wp:attachment":[{"href":"https:\/\/newstagepower.com\/es\/wp-json\/wp\/v2\/media?parent=399"}],"wp:term":[{"taxonomy":"product_cat","embeddable":true,"href":"https:\/\/newstagepower.com\/es\/wp-json\/wp\/v2\/product_cat?post=399"},{"taxonomy":"product_tag","embeddable":true,"href":"https:\/\/newstagepower.com\/es\/wp-json\/wp\/v2\/product_tag?post=399"}],"curies":[{"name":"wp","href":"https:\/\/api.w.org\/{rel}","templated":true}]}}