{"id":62,"date":"2020-06-10T22:11:51","date_gmt":"2020-06-10T22:11:51","guid":{"rendered":"https:\/\/newstagepower.com\/?post_type=product&#038;p=62"},"modified":"2024-11-01T19:41:47","modified_gmt":"2024-11-01T19:41:47","slug":"coffee-new-stage","status":"publish","type":"product","link":"https:\/\/newstagepower.com\/es\/producto\/coffee-new-stage\/","title":{"rendered":"Caf\u00e9 New Stage"},"content":{"rendered":"","protected":false},"excerpt":{"rendered":"<p><span lang=\"EN-US\">Coffee New Stage es una mezcla deliciosa y nutritiva dise\u00f1ada para mejorar la salud en general. Aprovecha los excelentes beneficios de los hongos Reishi, Shiitake y Maitake, prote\u00edna de soya, canela, bayas de Goji, guaran\u00e1, equin\u00e1cea y otros extractos herbales. Todos estos ingredientes combinados promueven defensas antivirales, podr\u00edan tratar algunas alergias severas y proporcionan un impulso a las funciones inmunol\u00f3gicas para combatir infecciones.<\/span><\/p>\n<p><span lang=\"EN-US\">El caf\u00e9 simple probablemente solo te dar\u00e1 ansiedad. Coffee New Stage har\u00e1 m\u00e1s que simplemente aumentar su energ\u00eda y mejorar su cognici\u00f3n, atenci\u00f3n y concentraci\u00f3n. Sus propiedades antioxidantes optimizar\u00e1n la funci\u00f3n de casi todos los \u00f3rganos de su cuerpo, especialmente ayudando a su h\u00edgado, su sistema reproductivo y reduciendo el riesgo de enfermedades card\u00edacas, osteoporosis, diabetes y c\u00e1ncer.<\/span><\/p>\n<p><span lang=\"EN-US\" style=\"font-size: 7px;\">* Descargo de responsabilidad: Estas declaraciones no han sido evaluadas por la Administraci\u00f3n de Alimentos y Medicamentos. Este producto no est\u00e1 destinado a diagnosticar, tratar, curar o prevenir ninguna enfermedad.<\/span><\/p>","protected":false},"featured_media":21,"comment_status":"open","ping_status":"closed","template":"","meta":{"spay_email":""},"product_cat":[21,20],"product_tag":[],"yoast_head":"<!-- This site is optimized with the Yoast SEO plugin v18.3 - https:\/\/yoast.com\/wordpress\/plugins\/seo\/ -->\n<title>Coffee New Stage - New Stage<\/title>\n<meta name=\"robots\" content=\"index, follow, max-snippet:-1, max-image-preview:large, max-video-preview:-1\" \/>\n<link rel=\"canonical\" href=\"https:\/\/newstagepower.com\/es\/producto\/coffee-new-stage\/\" \/>\n<meta property=\"og:locale\" content=\"es_MX\" \/>\n<meta property=\"og:type\" content=\"article\" \/>\n<meta property=\"og:title\" content=\"Coffee New Stage - New Stage\" \/>\n<meta property=\"og:description\" content=\"Coffee New Stage is a delicious and nutritious blend designed to enhance overall health. It takes advantage of the excellent benefits of Reishi, Shiitake and Maitake mushrooms, soy protein, cinnamon, Goji berries, guarana, Echinacea and other herbal extracts. All these ingredients combined promote anti-viral defenses, could treat some severe allergies, and provide a boost to immunological functions to fight infections.  Simple coffee will likely just give you anxiety. Coffee New Stage will do more than simply increase your energy and enhance your cognition, attention, and focus. Its antioxidant properties will optimize the function of almost every organ of your body, especially helping your liver, your reproductive system, and reducing the risk of heart disease, osteoporosis, diabetes, and cancer.  *Disclaimer: These statements have not been evaluated by the Food and Drug Administration. This product is not intended to diagnose, treat, cure or prevent any disease.\" \/>\n<meta property=\"og:url\" content=\"https:\/\/newstagepower.com\/es\/producto\/coffee-new-stage\/\" \/>\n<meta property=\"og:site_name\" content=\"New Stage\" \/>\n<meta property=\"article:modified_time\" content=\"2024-11-01T19:41:47+00:00\" \/>\n<meta property=\"og:image\" content=\"https:\/\/newstagepower.com\/wp-content\/uploads\/2020\/06\/COFEE-NEW-STAGE.jpg\" \/>\n\t<meta property=\"og:image:width\" content=\"1400\" \/>\n\t<meta property=\"og:image:height\" content=\"1400\" \/>\n\t<meta property=\"og:image:type\" content=\"image\/jpeg\" \/>\n<meta name=\"twitter:card\" content=\"summary_large_image\" \/>\n<script type=\"application\/ld+json\" class=\"yoast-schema-graph\">{\"@context\":\"https:\/\/schema.org\",\"@graph\":[{\"@type\":\"WebSite\",\"@id\":\"https:\/\/newstagepower.com\/es\/#website\",\"url\":\"https:\/\/newstagepower.com\/es\/\",\"name\":\"New Stage\",\"description\":\"Healthy Living\",\"potentialAction\":[{\"@type\":\"SearchAction\",\"target\":{\"@type\":\"EntryPoint\",\"urlTemplate\":\"https:\/\/newstagepower.com\/es\/?s={search_term_string}\"},\"query-input\":\"required name=search_term_string\"}],\"inLanguage\":\"es-MX\"},{\"@type\":\"ImageObject\",\"@id\":\"https:\/\/newstagepower.com\/es\/producto\/coffee-new-stage\/#primaryimage\",\"inLanguage\":\"es-MX\",\"url\":\"https:\/\/newstagepower.com\/wp-content\/uploads\/2020\/06\/COFEE-NEW-STAGE.jpg\",\"contentUrl\":\"https:\/\/newstagepower.com\/wp-content\/uploads\/2020\/06\/COFEE-NEW-STAGE.jpg\",\"width\":1400,\"height\":1400},{\"@type\":\"WebPage\",\"@id\":\"https:\/\/newstagepower.com\/es\/producto\/coffee-new-stage\/#webpage\",\"url\":\"https:\/\/newstagepower.com\/es\/producto\/coffee-new-stage\/\",\"name\":\"Coffee New Stage - New Stage\",\"isPartOf\":{\"@id\":\"https:\/\/newstagepower.com\/es\/#website\"},\"primaryImageOfPage\":{\"@id\":\"https:\/\/newstagepower.com\/es\/producto\/coffee-new-stage\/#primaryimage\"},\"datePublished\":\"2020-06-10T22:11:51+00:00\",\"dateModified\":\"2024-11-01T19:41:47+00:00\",\"breadcrumb\":{\"@id\":\"https:\/\/newstagepower.com\/es\/producto\/coffee-new-stage\/#breadcrumb\"},\"inLanguage\":\"es-MX\",\"potentialAction\":[{\"@type\":\"ReadAction\",\"target\":[\"https:\/\/newstagepower.com\/es\/producto\/coffee-new-stage\/\"]}]},{\"@type\":\"BreadcrumbList\",\"@id\":\"https:\/\/newstagepower.com\/es\/producto\/coffee-new-stage\/#breadcrumb\",\"itemListElement\":[{\"@type\":\"ListItem\",\"position\":1,\"name\":\"Home\",\"item\":\"https:\/\/newstagepower.com\/es\/\"},{\"@type\":\"ListItem\",\"position\":2,\"name\":\"Productos\",\"item\":\"https:\/\/newstagepower.com\/es\/shop\/\"},{\"@type\":\"ListItem\",\"position\":3,\"name\":\"Coffee New Stage\"}]}]}<\/script>\n<!-- \/ Yoast SEO plugin. -->","yoast_head_json":{"title":"Coffee New Stage - New Stage","robots":{"index":"index","follow":"follow","max-snippet":"max-snippet:-1","max-image-preview":"max-image-preview:large","max-video-preview":"max-video-preview:-1"},"canonical":"https:\/\/newstagepower.com\/es\/producto\/coffee-new-stage\/","og_locale":"es_MX","og_type":"article","og_title":"Coffee New Stage - New Stage","og_description":"Coffee New Stage is a delicious and nutritious blend designed to enhance overall health. It takes advantage of the excellent benefits of Reishi, Shiitake and Maitake mushrooms, soy protein, cinnamon, Goji berries, guarana, Echinacea and other herbal extracts. All these ingredients combined promote anti-viral defenses, could treat some severe allergies, and provide a boost to immunological functions to fight infections.  Simple coffee will likely just give you anxiety. Coffee New Stage will do more than simply increase your energy and enhance your cognition, attention, and focus. Its antioxidant properties will optimize the function of almost every organ of your body, especially helping your liver, your reproductive system, and reducing the risk of heart disease, osteoporosis, diabetes, and cancer.  *Disclaimer: These statements have not been evaluated by the Food and Drug Administration. This product is not intended to diagnose, treat, cure or prevent any disease.","og_url":"https:\/\/newstagepower.com\/es\/producto\/coffee-new-stage\/","og_site_name":"New Stage","article_modified_time":"2024-11-01T19:41:47+00:00","og_image":[{"width":1400,"height":1400,"url":"https:\/\/newstagepower.com\/wp-content\/uploads\/2020\/06\/COFEE-NEW-STAGE.jpg","type":"image\/jpeg"}],"twitter_card":"summary_large_image","schema":{"@context":"https:\/\/schema.org","@graph":[{"@type":"WebSite","@id":"https:\/\/newstagepower.com\/es\/#website","url":"https:\/\/newstagepower.com\/es\/","name":"New Stage","description":"Healthy Living","potentialAction":[{"@type":"SearchAction","target":{"@type":"EntryPoint","urlTemplate":"https:\/\/newstagepower.com\/es\/?s={search_term_string}"},"query-input":"required name=search_term_string"}],"inLanguage":"es-MX"},{"@type":"ImageObject","@id":"https:\/\/newstagepower.com\/es\/producto\/coffee-new-stage\/#primaryimage","inLanguage":"es-MX","url":"https:\/\/newstagepower.com\/wp-content\/uploads\/2020\/06\/COFEE-NEW-STAGE.jpg","contentUrl":"https:\/\/newstagepower.com\/wp-content\/uploads\/2020\/06\/COFEE-NEW-STAGE.jpg","width":1400,"height":1400},{"@type":"WebPage","@id":"https:\/\/newstagepower.com\/es\/producto\/coffee-new-stage\/#webpage","url":"https:\/\/newstagepower.com\/es\/producto\/coffee-new-stage\/","name":"Coffee New Stage - New Stage","isPartOf":{"@id":"https:\/\/newstagepower.com\/es\/#website"},"primaryImageOfPage":{"@id":"https:\/\/newstagepower.com\/es\/producto\/coffee-new-stage\/#primaryimage"},"datePublished":"2020-06-10T22:11:51+00:00","dateModified":"2024-11-01T19:41:47+00:00","breadcrumb":{"@id":"https:\/\/newstagepower.com\/es\/producto\/coffee-new-stage\/#breadcrumb"},"inLanguage":"es-MX","potentialAction":[{"@type":"ReadAction","target":["https:\/\/newstagepower.com\/es\/producto\/coffee-new-stage\/"]}]},{"@type":"BreadcrumbList","@id":"https:\/\/newstagepower.com\/es\/producto\/coffee-new-stage\/#breadcrumb","itemListElement":[{"@type":"ListItem","position":1,"name":"Home","item":"https:\/\/newstagepower.com\/es\/"},{"@type":"ListItem","position":2,"name":"Productos","item":"https:\/\/newstagepower.com\/es\/shop\/"},{"@type":"ListItem","position":3,"name":"Coffee New Stage"}]}]}},"_links":{"self":[{"href":"https:\/\/newstagepower.com\/es\/wp-json\/wp\/v2\/product\/62"}],"collection":[{"href":"https:\/\/newstagepower.com\/es\/wp-json\/wp\/v2\/product"}],"about":[{"href":"https:\/\/newstagepower.com\/es\/wp-json\/wp\/v2\/types\/product"}],"replies":[{"embeddable":true,"href":"https:\/\/newstagepower.com\/es\/wp-json\/wp\/v2\/comments?post=62"}],"wp:featuredmedia":[{"embeddable":true,"href":"https:\/\/newstagepower.com\/es\/wp-json\/wp\/v2\/media\/21"}],"wp:attachment":[{"href":"https:\/\/newstagepower.com\/es\/wp-json\/wp\/v2\/media?parent=62"}],"wp:term":[{"taxonomy":"product_cat","embeddable":true,"href":"https:\/\/newstagepower.com\/es\/wp-json\/wp\/v2\/product_cat?post=62"},{"taxonomy":"product_tag","embeddable":true,"href":"https:\/\/newstagepower.com\/es\/wp-json\/wp\/v2\/product_tag?post=62"}],"curies":[{"name":"wp","href":"https:\/\/api.w.org\/{rel}","templated":true}]}}