{"id":65,"date":"2020-06-10T22:16:34","date_gmt":"2020-06-10T22:16:34","guid":{"rendered":"https:\/\/newstagepower.com\/?post_type=product&#038;p=65"},"modified":"2020-08-04T23:33:51","modified_gmt":"2020-08-04T23:33:51","slug":"female-power-system","status":"publish","type":"product","link":"https:\/\/newstagepower.com\/es\/producto\/female-power-system\/","title":{"rendered":"Sistema de Poder Femenino"},"content":{"rendered":"","protected":false},"excerpt":{"rendered":"<p>Female Power System es nuestra nueva f\u00f3rmula especial dise\u00f1ada espec\u00edficamente para mujeres. Cuenta con ingredientes potentes y efectivos como Angelica Sinensis, isoflavonas de soja y cohosh negro, que funcionan combinados con otros extractos herbales y compuestos naturales, lo que resulta en un producto bien equilibrado que brinda apoyo al sistema hormonal de las mujeres.<\/p>\n<p>Female Power System ofrece soluciones y aborda esos s\u00edntomas inc\u00f3modos asociados con la menopausia. Tome dos c\u00e1psulas al d\u00eda y deje que los ingredientes de origen natural de alta calidad de Female Power System lo ayuden a reducir o aliviar los sofocos, los cambios de humor, los dolores de cabeza leves, los sudores nocturnos, la tensi\u00f3n nerviosa, la baja energ\u00eda y los trastornos del sue\u00f1o. Female Power System proporciona un equilibrio hormonal saludable para las mujeres.<\/p>\n<p><em style=\"font-size: 7px;\">* Descargo de responsabilidad: Estas declaraciones no han sido evaluadas por la Administraci\u00f3n de Alimentos y Medicamentos. Este producto no est\u00e1 destinado a diagnosticar, tratar, curar o prevenir ninguna enfermedad.<\/em><\/p>","protected":false},"featured_media":19,"comment_status":"open","ping_status":"closed","template":"","meta":{"spay_email":""},"product_cat":[20,23],"product_tag":[],"yoast_head":"<!-- This site is optimized with the Yoast SEO plugin v18.3 - https:\/\/yoast.com\/wordpress\/plugins\/seo\/ -->\n<title>Female Power System - New Stage<\/title>\n<meta name=\"robots\" content=\"index, follow, max-snippet:-1, max-image-preview:large, max-video-preview:-1\" \/>\n<link rel=\"canonical\" href=\"https:\/\/newstagepower.com\/es\/producto\/female-power-system\/\" \/>\n<meta property=\"og:locale\" content=\"es_MX\" \/>\n<meta property=\"og:type\" content=\"article\" \/>\n<meta property=\"og:title\" content=\"Female Power System - New Stage\" \/>\n<meta property=\"og:description\" content=\"Female Power System is our special new formula designed specifically for women. It features powerful and effective ingredients such as Angelica Sinensis, soy isoflavones, and black cohosh, which work combined with other herbal extracts and natural compounds, resulting in a well-balanced product that brings support to women\u2019s hormonal system.  Female Power System offers solutions and addresses those uncomfortable symptoms associated with menopause. Take two capsules a day and let the high-quality naturally sourced ingredients of Female Power System help you reduce or relieve hot flashes, mood changes, mild headaches, night sweats, nervous tension, low energy, and sleep disturbances. Female Power System provides a healthy hormone balance for women.  *Disclaimer: These statements have not been evaluated by the Food and Drug Administration. This product is not intended to diagnose, treat, cure or prevent any disease.\" \/>\n<meta property=\"og:url\" content=\"https:\/\/newstagepower.com\/es\/producto\/female-power-system\/\" \/>\n<meta property=\"og:site_name\" content=\"New Stage\" \/>\n<meta property=\"article:modified_time\" content=\"2020-08-04T23:33:51+00:00\" \/>\n<meta property=\"og:image\" content=\"https:\/\/newstagepower.com\/wp-content\/uploads\/2020\/06\/FEMALE-POWER-SYSTEM.jpg\" \/>\n\t<meta property=\"og:image:width\" content=\"1400\" \/>\n\t<meta property=\"og:image:height\" content=\"1400\" \/>\n\t<meta property=\"og:image:type\" content=\"image\/jpeg\" \/>\n<meta name=\"twitter:card\" content=\"summary_large_image\" \/>\n<script type=\"application\/ld+json\" class=\"yoast-schema-graph\">{\"@context\":\"https:\/\/schema.org\",\"@graph\":[{\"@type\":\"WebSite\",\"@id\":\"https:\/\/newstagepower.com\/es\/#website\",\"url\":\"https:\/\/newstagepower.com\/es\/\",\"name\":\"New Stage\",\"description\":\"Healthy Living\",\"potentialAction\":[{\"@type\":\"SearchAction\",\"target\":{\"@type\":\"EntryPoint\",\"urlTemplate\":\"https:\/\/newstagepower.com\/es\/?s={search_term_string}\"},\"query-input\":\"required name=search_term_string\"}],\"inLanguage\":\"es-MX\"},{\"@type\":\"ImageObject\",\"@id\":\"https:\/\/newstagepower.com\/es\/producto\/female-power-system\/#primaryimage\",\"inLanguage\":\"es-MX\",\"url\":\"https:\/\/newstagepower.com\/wp-content\/uploads\/2020\/06\/FEMALE-POWER-SYSTEM.jpg\",\"contentUrl\":\"https:\/\/newstagepower.com\/wp-content\/uploads\/2020\/06\/FEMALE-POWER-SYSTEM.jpg\",\"width\":1400,\"height\":1400},{\"@type\":\"WebPage\",\"@id\":\"https:\/\/newstagepower.com\/es\/producto\/female-power-system\/#webpage\",\"url\":\"https:\/\/newstagepower.com\/es\/producto\/female-power-system\/\",\"name\":\"Female Power System - New Stage\",\"isPartOf\":{\"@id\":\"https:\/\/newstagepower.com\/es\/#website\"},\"primaryImageOfPage\":{\"@id\":\"https:\/\/newstagepower.com\/es\/producto\/female-power-system\/#primaryimage\"},\"datePublished\":\"2020-06-10T22:16:34+00:00\",\"dateModified\":\"2020-08-04T23:33:51+00:00\",\"breadcrumb\":{\"@id\":\"https:\/\/newstagepower.com\/es\/producto\/female-power-system\/#breadcrumb\"},\"inLanguage\":\"es-MX\",\"potentialAction\":[{\"@type\":\"ReadAction\",\"target\":[\"https:\/\/newstagepower.com\/es\/producto\/female-power-system\/\"]}]},{\"@type\":\"BreadcrumbList\",\"@id\":\"https:\/\/newstagepower.com\/es\/producto\/female-power-system\/#breadcrumb\",\"itemListElement\":[{\"@type\":\"ListItem\",\"position\":1,\"name\":\"Home\",\"item\":\"https:\/\/newstagepower.com\/es\/\"},{\"@type\":\"ListItem\",\"position\":2,\"name\":\"Productos\",\"item\":\"https:\/\/newstagepower.com\/es\/shop\/\"},{\"@type\":\"ListItem\",\"position\":3,\"name\":\"Female Power System\"}]}]}<\/script>\n<!-- \/ Yoast SEO plugin. -->","yoast_head_json":{"title":"Female Power System - New Stage","robots":{"index":"index","follow":"follow","max-snippet":"max-snippet:-1","max-image-preview":"max-image-preview:large","max-video-preview":"max-video-preview:-1"},"canonical":"https:\/\/newstagepower.com\/es\/producto\/female-power-system\/","og_locale":"es_MX","og_type":"article","og_title":"Female Power System - New Stage","og_description":"Female Power System is our special new formula designed specifically for women. It features powerful and effective ingredients such as Angelica Sinensis, soy isoflavones, and black cohosh, which work combined with other herbal extracts and natural compounds, resulting in a well-balanced product that brings support to women\u2019s hormonal system.  Female Power System offers solutions and addresses those uncomfortable symptoms associated with menopause. Take two capsules a day and let the high-quality naturally sourced ingredients of Female Power System help you reduce or relieve hot flashes, mood changes, mild headaches, night sweats, nervous tension, low energy, and sleep disturbances. Female Power System provides a healthy hormone balance for women.  *Disclaimer: These statements have not been evaluated by the Food and Drug Administration. This product is not intended to diagnose, treat, cure or prevent any disease.","og_url":"https:\/\/newstagepower.com\/es\/producto\/female-power-system\/","og_site_name":"New Stage","article_modified_time":"2020-08-04T23:33:51+00:00","og_image":[{"width":1400,"height":1400,"url":"https:\/\/newstagepower.com\/wp-content\/uploads\/2020\/06\/FEMALE-POWER-SYSTEM.jpg","type":"image\/jpeg"}],"twitter_card":"summary_large_image","schema":{"@context":"https:\/\/schema.org","@graph":[{"@type":"WebSite","@id":"https:\/\/newstagepower.com\/es\/#website","url":"https:\/\/newstagepower.com\/es\/","name":"New Stage","description":"Healthy Living","potentialAction":[{"@type":"SearchAction","target":{"@type":"EntryPoint","urlTemplate":"https:\/\/newstagepower.com\/es\/?s={search_term_string}"},"query-input":"required name=search_term_string"}],"inLanguage":"es-MX"},{"@type":"ImageObject","@id":"https:\/\/newstagepower.com\/es\/producto\/female-power-system\/#primaryimage","inLanguage":"es-MX","url":"https:\/\/newstagepower.com\/wp-content\/uploads\/2020\/06\/FEMALE-POWER-SYSTEM.jpg","contentUrl":"https:\/\/newstagepower.com\/wp-content\/uploads\/2020\/06\/FEMALE-POWER-SYSTEM.jpg","width":1400,"height":1400},{"@type":"WebPage","@id":"https:\/\/newstagepower.com\/es\/producto\/female-power-system\/#webpage","url":"https:\/\/newstagepower.com\/es\/producto\/female-power-system\/","name":"Female Power System - New Stage","isPartOf":{"@id":"https:\/\/newstagepower.com\/es\/#website"},"primaryImageOfPage":{"@id":"https:\/\/newstagepower.com\/es\/producto\/female-power-system\/#primaryimage"},"datePublished":"2020-06-10T22:16:34+00:00","dateModified":"2020-08-04T23:33:51+00:00","breadcrumb":{"@id":"https:\/\/newstagepower.com\/es\/producto\/female-power-system\/#breadcrumb"},"inLanguage":"es-MX","potentialAction":[{"@type":"ReadAction","target":["https:\/\/newstagepower.com\/es\/producto\/female-power-system\/"]}]},{"@type":"BreadcrumbList","@id":"https:\/\/newstagepower.com\/es\/producto\/female-power-system\/#breadcrumb","itemListElement":[{"@type":"ListItem","position":1,"name":"Home","item":"https:\/\/newstagepower.com\/es\/"},{"@type":"ListItem","position":2,"name":"Productos","item":"https:\/\/newstagepower.com\/es\/shop\/"},{"@type":"ListItem","position":3,"name":"Female Power System"}]}]}},"_links":{"self":[{"href":"https:\/\/newstagepower.com\/es\/wp-json\/wp\/v2\/product\/65"}],"collection":[{"href":"https:\/\/newstagepower.com\/es\/wp-json\/wp\/v2\/product"}],"about":[{"href":"https:\/\/newstagepower.com\/es\/wp-json\/wp\/v2\/types\/product"}],"replies":[{"embeddable":true,"href":"https:\/\/newstagepower.com\/es\/wp-json\/wp\/v2\/comments?post=65"}],"wp:featuredmedia":[{"embeddable":true,"href":"https:\/\/newstagepower.com\/es\/wp-json\/wp\/v2\/media\/19"}],"wp:attachment":[{"href":"https:\/\/newstagepower.com\/es\/wp-json\/wp\/v2\/media?parent=65"}],"wp:term":[{"taxonomy":"product_cat","embeddable":true,"href":"https:\/\/newstagepower.com\/es\/wp-json\/wp\/v2\/product_cat?post=65"},{"taxonomy":"product_tag","embeddable":true,"href":"https:\/\/newstagepower.com\/es\/wp-json\/wp\/v2\/product_tag?post=65"}],"curies":[{"name":"wp","href":"https:\/\/api.w.org\/{rel}","templated":true}]}}