{"id":66,"date":"2020-06-10T22:19:58","date_gmt":"2020-06-10T22:19:58","guid":{"rendered":"https:\/\/newstagepower.com\/?post_type=product&#038;p=66"},"modified":"2020-08-04T23:33:18","modified_gmt":"2020-08-04T23:33:18","slug":"pleni-figure","status":"publish","type":"product","link":"https:\/\/newstagepower.com\/es\/producto\/pleni-figure\/","title":{"rendered":"Pleni Figure"},"content":{"rendered":"","protected":false},"excerpt":{"rendered":"<p>Pleni Figure es un suplemento diet\u00e9tico eficaz que presenta ingredientes naturales fant\u00e1sticos, como las hojas de papaya y la c\u00e1scara sagrada, entre otros, que promueven la buena salud gastrointestinal, actuando como un gran defensor de las deposiciones regulares. Pleni Figure es excelente para lidiar con el estre\u00f1imiento a corto plazo, y lo ayuda a deshacerse de esos kilos de m\u00e1s, lograr y mantener su peso ideal, y limpiar su composici\u00f3n corporal de toxinas y compuestos nocivos.<\/p>\n<p>Despu\u00e9s de tomarlo regularmente, gracias a sus agentes desintoxicantes naturales, encontrar\u00e1 que sus \u00f3rganos funcionan de manera m\u00e1s \u00f3ptima con una mayor capacidad para absorber nutrientes. Gracias a las propiedades antioxidantes de la mezcla, tu piel brillar\u00e1 y disfrutar\u00e1s de una salud mejorada en general.<\/p>\n<p><em style=\"font-size:7px;\">* Descargo de responsabilidad: Estas declaraciones no han sido evaluadas por la Administraci\u00f3n de Alimentos y Medicamentos. Este producto no est\u00e1 destinado a diagnosticar, tratar, curar o prevenir ninguna enfermedad.<\/em><\/p>","protected":false},"featured_media":67,"comment_status":"open","ping_status":"closed","template":"","meta":{"spay_email":""},"product_cat":[20,24],"product_tag":[],"yoast_head":"<!-- This site is optimized with the Yoast SEO plugin v18.3 - https:\/\/yoast.com\/wordpress\/plugins\/seo\/ -->\n<title>Pleni Figure - New Stage<\/title>\n<meta name=\"robots\" content=\"index, follow, max-snippet:-1, max-image-preview:large, max-video-preview:-1\" \/>\n<link rel=\"canonical\" href=\"https:\/\/newstagepower.com\/es\/producto\/pleni-figure\/\" \/>\n<meta property=\"og:locale\" content=\"es_MX\" \/>\n<meta property=\"og:type\" content=\"article\" \/>\n<meta property=\"og:title\" content=\"Pleni Figure - New Stage\" \/>\n<meta property=\"og:description\" content=\"Pleni Figure is an effective dietary supplement that features fantastic natural ingredients such as Papaya Leaves and Cascara Sagrada, among others, which promote good gastrointestinal health, acting as a great supporter of regular bowel movements. Pleni Figure is excellent to deal with short-term constipation, and helps you get rid of those extra pounds, achieve and maintain your ideal weight, and cleanse your body composition of toxins and harmful compounds.  After taking it regularly, thanks to its natural detoxifying agents, you will find your organs functioning more optimally with an increased capability to absorb nutrients. Thanks to the antioxidant properties of the blend, your skin will be glowing and you will enjoy an overall enhanced health.  *Disclaimer: These statements have not been evaluated by the Food and Drug Administration. This product is not intended to diagnose, treat, cure or prevent any disease.\" \/>\n<meta property=\"og:url\" content=\"https:\/\/newstagepower.com\/es\/producto\/pleni-figure\/\" \/>\n<meta property=\"og:site_name\" content=\"New Stage\" \/>\n<meta property=\"article:modified_time\" content=\"2020-08-04T23:33:18+00:00\" \/>\n<meta property=\"og:image\" content=\"https:\/\/newstagepower.com\/wp-content\/uploads\/2020\/06\/PLENIFIGURE-1400x1400-1.jpg\" \/>\n\t<meta property=\"og:image:width\" content=\"1400\" \/>\n\t<meta property=\"og:image:height\" content=\"1400\" \/>\n\t<meta property=\"og:image:type\" content=\"image\/jpeg\" \/>\n<meta name=\"twitter:card\" content=\"summary_large_image\" \/>\n<script type=\"application\/ld+json\" class=\"yoast-schema-graph\">{\"@context\":\"https:\/\/schema.org\",\"@graph\":[{\"@type\":\"WebSite\",\"@id\":\"https:\/\/newstagepower.com\/es\/#website\",\"url\":\"https:\/\/newstagepower.com\/es\/\",\"name\":\"New Stage\",\"description\":\"Healthy Living\",\"potentialAction\":[{\"@type\":\"SearchAction\",\"target\":{\"@type\":\"EntryPoint\",\"urlTemplate\":\"https:\/\/newstagepower.com\/es\/?s={search_term_string}\"},\"query-input\":\"required name=search_term_string\"}],\"inLanguage\":\"es-MX\"},{\"@type\":\"ImageObject\",\"@id\":\"https:\/\/newstagepower.com\/es\/producto\/pleni-figure\/#primaryimage\",\"inLanguage\":\"es-MX\",\"url\":\"https:\/\/newstagepower.com\/wp-content\/uploads\/2020\/06\/PLENIFIGURE-1400x1400-1.jpg\",\"contentUrl\":\"https:\/\/newstagepower.com\/wp-content\/uploads\/2020\/06\/PLENIFIGURE-1400x1400-1.jpg\",\"width\":1400,\"height\":1400},{\"@type\":\"WebPage\",\"@id\":\"https:\/\/newstagepower.com\/es\/producto\/pleni-figure\/#webpage\",\"url\":\"https:\/\/newstagepower.com\/es\/producto\/pleni-figure\/\",\"name\":\"Pleni Figure - New Stage\",\"isPartOf\":{\"@id\":\"https:\/\/newstagepower.com\/es\/#website\"},\"primaryImageOfPage\":{\"@id\":\"https:\/\/newstagepower.com\/es\/producto\/pleni-figure\/#primaryimage\"},\"datePublished\":\"2020-06-10T22:19:58+00:00\",\"dateModified\":\"2020-08-04T23:33:18+00:00\",\"breadcrumb\":{\"@id\":\"https:\/\/newstagepower.com\/es\/producto\/pleni-figure\/#breadcrumb\"},\"inLanguage\":\"es-MX\",\"potentialAction\":[{\"@type\":\"ReadAction\",\"target\":[\"https:\/\/newstagepower.com\/es\/producto\/pleni-figure\/\"]}]},{\"@type\":\"BreadcrumbList\",\"@id\":\"https:\/\/newstagepower.com\/es\/producto\/pleni-figure\/#breadcrumb\",\"itemListElement\":[{\"@type\":\"ListItem\",\"position\":1,\"name\":\"Home\",\"item\":\"https:\/\/newstagepower.com\/es\/\"},{\"@type\":\"ListItem\",\"position\":2,\"name\":\"Productos\",\"item\":\"https:\/\/newstagepower.com\/es\/shop\/\"},{\"@type\":\"ListItem\",\"position\":3,\"name\":\"Pleni Figure\"}]}]}<\/script>\n<!-- \/ Yoast SEO plugin. -->","yoast_head_json":{"title":"Pleni Figure - New Stage","robots":{"index":"index","follow":"follow","max-snippet":"max-snippet:-1","max-image-preview":"max-image-preview:large","max-video-preview":"max-video-preview:-1"},"canonical":"https:\/\/newstagepower.com\/es\/producto\/pleni-figure\/","og_locale":"es_MX","og_type":"article","og_title":"Pleni Figure - New Stage","og_description":"Pleni Figure is an effective dietary supplement that features fantastic natural ingredients such as Papaya Leaves and Cascara Sagrada, among others, which promote good gastrointestinal health, acting as a great supporter of regular bowel movements. Pleni Figure is excellent to deal with short-term constipation, and helps you get rid of those extra pounds, achieve and maintain your ideal weight, and cleanse your body composition of toxins and harmful compounds.  After taking it regularly, thanks to its natural detoxifying agents, you will find your organs functioning more optimally with an increased capability to absorb nutrients. Thanks to the antioxidant properties of the blend, your skin will be glowing and you will enjoy an overall enhanced health.  *Disclaimer: These statements have not been evaluated by the Food and Drug Administration. This product is not intended to diagnose, treat, cure or prevent any disease.","og_url":"https:\/\/newstagepower.com\/es\/producto\/pleni-figure\/","og_site_name":"New Stage","article_modified_time":"2020-08-04T23:33:18+00:00","og_image":[{"width":1400,"height":1400,"url":"https:\/\/newstagepower.com\/wp-content\/uploads\/2020\/06\/PLENIFIGURE-1400x1400-1.jpg","type":"image\/jpeg"}],"twitter_card":"summary_large_image","schema":{"@context":"https:\/\/schema.org","@graph":[{"@type":"WebSite","@id":"https:\/\/newstagepower.com\/es\/#website","url":"https:\/\/newstagepower.com\/es\/","name":"New Stage","description":"Healthy Living","potentialAction":[{"@type":"SearchAction","target":{"@type":"EntryPoint","urlTemplate":"https:\/\/newstagepower.com\/es\/?s={search_term_string}"},"query-input":"required name=search_term_string"}],"inLanguage":"es-MX"},{"@type":"ImageObject","@id":"https:\/\/newstagepower.com\/es\/producto\/pleni-figure\/#primaryimage","inLanguage":"es-MX","url":"https:\/\/newstagepower.com\/wp-content\/uploads\/2020\/06\/PLENIFIGURE-1400x1400-1.jpg","contentUrl":"https:\/\/newstagepower.com\/wp-content\/uploads\/2020\/06\/PLENIFIGURE-1400x1400-1.jpg","width":1400,"height":1400},{"@type":"WebPage","@id":"https:\/\/newstagepower.com\/es\/producto\/pleni-figure\/#webpage","url":"https:\/\/newstagepower.com\/es\/producto\/pleni-figure\/","name":"Pleni Figure - New Stage","isPartOf":{"@id":"https:\/\/newstagepower.com\/es\/#website"},"primaryImageOfPage":{"@id":"https:\/\/newstagepower.com\/es\/producto\/pleni-figure\/#primaryimage"},"datePublished":"2020-06-10T22:19:58+00:00","dateModified":"2020-08-04T23:33:18+00:00","breadcrumb":{"@id":"https:\/\/newstagepower.com\/es\/producto\/pleni-figure\/#breadcrumb"},"inLanguage":"es-MX","potentialAction":[{"@type":"ReadAction","target":["https:\/\/newstagepower.com\/es\/producto\/pleni-figure\/"]}]},{"@type":"BreadcrumbList","@id":"https:\/\/newstagepower.com\/es\/producto\/pleni-figure\/#breadcrumb","itemListElement":[{"@type":"ListItem","position":1,"name":"Home","item":"https:\/\/newstagepower.com\/es\/"},{"@type":"ListItem","position":2,"name":"Productos","item":"https:\/\/newstagepower.com\/es\/shop\/"},{"@type":"ListItem","position":3,"name":"Pleni Figure"}]}]}},"_links":{"self":[{"href":"https:\/\/newstagepower.com\/es\/wp-json\/wp\/v2\/product\/66"}],"collection":[{"href":"https:\/\/newstagepower.com\/es\/wp-json\/wp\/v2\/product"}],"about":[{"href":"https:\/\/newstagepower.com\/es\/wp-json\/wp\/v2\/types\/product"}],"replies":[{"embeddable":true,"href":"https:\/\/newstagepower.com\/es\/wp-json\/wp\/v2\/comments?post=66"}],"wp:featuredmedia":[{"embeddable":true,"href":"https:\/\/newstagepower.com\/es\/wp-json\/wp\/v2\/media\/67"}],"wp:attachment":[{"href":"https:\/\/newstagepower.com\/es\/wp-json\/wp\/v2\/media?parent=66"}],"wp:term":[{"taxonomy":"product_cat","embeddable":true,"href":"https:\/\/newstagepower.com\/es\/wp-json\/wp\/v2\/product_cat?post=66"},{"taxonomy":"product_tag","embeddable":true,"href":"https:\/\/newstagepower.com\/es\/wp-json\/wp\/v2\/product_tag?post=66"}],"curies":[{"name":"wp","href":"https:\/\/api.w.org\/{rel}","templated":true}]}}