{"id":68,"date":"2020-06-10T22:25:10","date_gmt":"2020-06-10T22:25:10","guid":{"rendered":"https:\/\/newstagepower.com\/?post_type=product&#038;p=68"},"modified":"2021-02-23T14:30:15","modified_gmt":"2021-02-23T14:30:15","slug":"pleni-nutrients-cream","status":"publish","type":"product","link":"https:\/\/newstagepower.com\/es\/producto\/pleni-nutrients-cream\/","title":{"rendered":"Crema Nutrientes Pleni"},"content":{"rendered":"","protected":false},"excerpt":{"rendered":"<p>Pleni Nutrients Cream es una f\u00f3rmula cremosa premium, rica y ligera dise\u00f1ada para la hidrataci\u00f3n y elasticidad de la piel. Contiene resveratrol y col\u00e1geno, que sirven como agentes antioxidantes protectores y ayudan a reducir la irritaci\u00f3n de la piel, las l\u00edneas finas, las arrugas, favorecen la revitalizaci\u00f3n celular y le dan a la piel un aspecto joven, radiante y fresco.<\/p>\n<p>Pleni Nutrients Cream no solo act\u00faa como una loci\u00f3n humectante, antienvejecimiento y antiarrugas, sino que tambi\u00e9n puede ayudar con las cicatrices y manchas de acn\u00e9 causadas por el sol o el embarazo. Es adecuado para todo tipo de piel y es bueno tanto para hombres como para mujeres. Pleni Nutrients Cream es una forma segura y natural de desafiar el proceso de envejecimiento con un cuidado adecuado de la piel.<\/p>\n<p><em style=\"font-size: 7px;\">* Descargo de responsabilidad: Estas declaraciones no han sido evaluadas por la Administraci\u00f3n de Alimentos y Medicamentos. Este producto no est\u00e1 destinado a diagnosticar, tratar, curar o prevenir ninguna enfermedad.<\/em><\/p>","protected":false},"featured_media":71,"comment_status":"open","ping_status":"closed","template":"","meta":{"spay_email":""},"product_cat":[26,27,25,44,28],"product_tag":[],"yoast_head":"<!-- This site is optimized with the Yoast SEO plugin v18.3 - https:\/\/yoast.com\/wordpress\/plugins\/seo\/ -->\n<title>Pleni Nutrients Cream - New Stage<\/title>\n<meta name=\"robots\" content=\"index, follow, max-snippet:-1, max-image-preview:large, max-video-preview:-1\" \/>\n<link rel=\"canonical\" href=\"https:\/\/newstagepower.com\/es\/producto\/pleni-nutrients-cream\/\" \/>\n<meta property=\"og:locale\" content=\"es_MX\" \/>\n<meta property=\"og:type\" content=\"article\" \/>\n<meta property=\"og:title\" content=\"Pleni Nutrients Cream - New Stage\" \/>\n<meta property=\"og:description\" content=\"Pleni Nutrients Cream is a premium, rich and lightweight creamy formula designed to skin hydration and elasticity. It contains resveratrol and collagen, which serve as protective antioxidant agents and help reduce skin irritation, fine lines, wrinkles, support cell revitalization, and give skin a youthful, radiant, and fresh look.  Pleni Nutrients Cream not only acts as a moisturizer, anti-aging, and anti-wrinkle lotion but also it can also help with acne scars and spots caused by the sun or pregnancy. It is suitable for all skin types and is good for both men and women. Pleni Nutrients Cream is a safe and natural way to defy the aging process with proper skin care.  *Disclaimer: These statements have not been evaluated by the Food and Drug Administration. This product is not intended to diagnose, treat, cure or prevent any disease.\" \/>\n<meta property=\"og:url\" content=\"https:\/\/newstagepower.com\/es\/producto\/pleni-nutrients-cream\/\" \/>\n<meta property=\"og:site_name\" content=\"New Stage\" \/>\n<meta property=\"article:modified_time\" content=\"2021-02-23T14:30:15+00:00\" \/>\n<meta property=\"og:image\" content=\"https:\/\/newstagepower.com\/wp-content\/uploads\/2020\/06\/PLENI-NUTRIENTS-1400x1400-1.jpg\" \/>\n\t<meta property=\"og:image:width\" content=\"1400\" \/>\n\t<meta property=\"og:image:height\" content=\"1400\" \/>\n\t<meta property=\"og:image:type\" content=\"image\/jpeg\" \/>\n<meta name=\"twitter:card\" content=\"summary_large_image\" \/>\n<script type=\"application\/ld+json\" class=\"yoast-schema-graph\">{\"@context\":\"https:\/\/schema.org\",\"@graph\":[{\"@type\":\"WebSite\",\"@id\":\"https:\/\/newstagepower.com\/es\/#website\",\"url\":\"https:\/\/newstagepower.com\/es\/\",\"name\":\"New Stage\",\"description\":\"Healthy Living\",\"potentialAction\":[{\"@type\":\"SearchAction\",\"target\":{\"@type\":\"EntryPoint\",\"urlTemplate\":\"https:\/\/newstagepower.com\/es\/?s={search_term_string}\"},\"query-input\":\"required name=search_term_string\"}],\"inLanguage\":\"es-MX\"},{\"@type\":\"ImageObject\",\"@id\":\"https:\/\/newstagepower.com\/es\/producto\/pleni-nutrients-cream\/#primaryimage\",\"inLanguage\":\"es-MX\",\"url\":\"https:\/\/newstagepower.com\/wp-content\/uploads\/2020\/06\/PLENI-NUTRIENTS-1400x1400-1.jpg\",\"contentUrl\":\"https:\/\/newstagepower.com\/wp-content\/uploads\/2020\/06\/PLENI-NUTRIENTS-1400x1400-1.jpg\",\"width\":1400,\"height\":1400},{\"@type\":\"WebPage\",\"@id\":\"https:\/\/newstagepower.com\/es\/producto\/pleni-nutrients-cream\/#webpage\",\"url\":\"https:\/\/newstagepower.com\/es\/producto\/pleni-nutrients-cream\/\",\"name\":\"Pleni Nutrients Cream - New Stage\",\"isPartOf\":{\"@id\":\"https:\/\/newstagepower.com\/es\/#website\"},\"primaryImageOfPage\":{\"@id\":\"https:\/\/newstagepower.com\/es\/producto\/pleni-nutrients-cream\/#primaryimage\"},\"datePublished\":\"2020-06-10T22:25:10+00:00\",\"dateModified\":\"2021-02-23T14:30:15+00:00\",\"breadcrumb\":{\"@id\":\"https:\/\/newstagepower.com\/es\/producto\/pleni-nutrients-cream\/#breadcrumb\"},\"inLanguage\":\"es-MX\",\"potentialAction\":[{\"@type\":\"ReadAction\",\"target\":[\"https:\/\/newstagepower.com\/es\/producto\/pleni-nutrients-cream\/\"]}]},{\"@type\":\"BreadcrumbList\",\"@id\":\"https:\/\/newstagepower.com\/es\/producto\/pleni-nutrients-cream\/#breadcrumb\",\"itemListElement\":[{\"@type\":\"ListItem\",\"position\":1,\"name\":\"Home\",\"item\":\"https:\/\/newstagepower.com\/es\/\"},{\"@type\":\"ListItem\",\"position\":2,\"name\":\"Productos\",\"item\":\"https:\/\/newstagepower.com\/es\/shop\/\"},{\"@type\":\"ListItem\",\"position\":3,\"name\":\"Pleni Nutrients Cream\"}]}]}<\/script>\n<!-- \/ Yoast SEO plugin. -->","yoast_head_json":{"title":"Pleni Nutrients Cream - New Stage","robots":{"index":"index","follow":"follow","max-snippet":"max-snippet:-1","max-image-preview":"max-image-preview:large","max-video-preview":"max-video-preview:-1"},"canonical":"https:\/\/newstagepower.com\/es\/producto\/pleni-nutrients-cream\/","og_locale":"es_MX","og_type":"article","og_title":"Pleni Nutrients Cream - New Stage","og_description":"Pleni Nutrients Cream is a premium, rich and lightweight creamy formula designed to skin hydration and elasticity. It contains resveratrol and collagen, which serve as protective antioxidant agents and help reduce skin irritation, fine lines, wrinkles, support cell revitalization, and give skin a youthful, radiant, and fresh look.  Pleni Nutrients Cream not only acts as a moisturizer, anti-aging, and anti-wrinkle lotion but also it can also help with acne scars and spots caused by the sun or pregnancy. It is suitable for all skin types and is good for both men and women. Pleni Nutrients Cream is a safe and natural way to defy the aging process with proper skin care.  *Disclaimer: These statements have not been evaluated by the Food and Drug Administration. This product is not intended to diagnose, treat, cure or prevent any disease.","og_url":"https:\/\/newstagepower.com\/es\/producto\/pleni-nutrients-cream\/","og_site_name":"New Stage","article_modified_time":"2021-02-23T14:30:15+00:00","og_image":[{"width":1400,"height":1400,"url":"https:\/\/newstagepower.com\/wp-content\/uploads\/2020\/06\/PLENI-NUTRIENTS-1400x1400-1.jpg","type":"image\/jpeg"}],"twitter_card":"summary_large_image","schema":{"@context":"https:\/\/schema.org","@graph":[{"@type":"WebSite","@id":"https:\/\/newstagepower.com\/es\/#website","url":"https:\/\/newstagepower.com\/es\/","name":"New Stage","description":"Healthy Living","potentialAction":[{"@type":"SearchAction","target":{"@type":"EntryPoint","urlTemplate":"https:\/\/newstagepower.com\/es\/?s={search_term_string}"},"query-input":"required name=search_term_string"}],"inLanguage":"es-MX"},{"@type":"ImageObject","@id":"https:\/\/newstagepower.com\/es\/producto\/pleni-nutrients-cream\/#primaryimage","inLanguage":"es-MX","url":"https:\/\/newstagepower.com\/wp-content\/uploads\/2020\/06\/PLENI-NUTRIENTS-1400x1400-1.jpg","contentUrl":"https:\/\/newstagepower.com\/wp-content\/uploads\/2020\/06\/PLENI-NUTRIENTS-1400x1400-1.jpg","width":1400,"height":1400},{"@type":"WebPage","@id":"https:\/\/newstagepower.com\/es\/producto\/pleni-nutrients-cream\/#webpage","url":"https:\/\/newstagepower.com\/es\/producto\/pleni-nutrients-cream\/","name":"Pleni Nutrients Cream - New Stage","isPartOf":{"@id":"https:\/\/newstagepower.com\/es\/#website"},"primaryImageOfPage":{"@id":"https:\/\/newstagepower.com\/es\/producto\/pleni-nutrients-cream\/#primaryimage"},"datePublished":"2020-06-10T22:25:10+00:00","dateModified":"2021-02-23T14:30:15+00:00","breadcrumb":{"@id":"https:\/\/newstagepower.com\/es\/producto\/pleni-nutrients-cream\/#breadcrumb"},"inLanguage":"es-MX","potentialAction":[{"@type":"ReadAction","target":["https:\/\/newstagepower.com\/es\/producto\/pleni-nutrients-cream\/"]}]},{"@type":"BreadcrumbList","@id":"https:\/\/newstagepower.com\/es\/producto\/pleni-nutrients-cream\/#breadcrumb","itemListElement":[{"@type":"ListItem","position":1,"name":"Home","item":"https:\/\/newstagepower.com\/es\/"},{"@type":"ListItem","position":2,"name":"Productos","item":"https:\/\/newstagepower.com\/es\/shop\/"},{"@type":"ListItem","position":3,"name":"Pleni Nutrients Cream"}]}]}},"_links":{"self":[{"href":"https:\/\/newstagepower.com\/es\/wp-json\/wp\/v2\/product\/68"}],"collection":[{"href":"https:\/\/newstagepower.com\/es\/wp-json\/wp\/v2\/product"}],"about":[{"href":"https:\/\/newstagepower.com\/es\/wp-json\/wp\/v2\/types\/product"}],"replies":[{"embeddable":true,"href":"https:\/\/newstagepower.com\/es\/wp-json\/wp\/v2\/comments?post=68"}],"wp:featuredmedia":[{"embeddable":true,"href":"https:\/\/newstagepower.com\/es\/wp-json\/wp\/v2\/media\/71"}],"wp:attachment":[{"href":"https:\/\/newstagepower.com\/es\/wp-json\/wp\/v2\/media?parent=68"}],"wp:term":[{"taxonomy":"product_cat","embeddable":true,"href":"https:\/\/newstagepower.com\/es\/wp-json\/wp\/v2\/product_cat?post=68"},{"taxonomy":"product_tag","embeddable":true,"href":"https:\/\/newstagepower.com\/es\/wp-json\/wp\/v2\/product_tag?post=68"}],"curies":[{"name":"wp","href":"https:\/\/api.w.org\/{rel}","templated":true}]}}