{"id":72,"date":"2020-06-10T22:27:11","date_gmt":"2020-06-10T22:27:11","guid":{"rendered":"https:\/\/newstagepower.com\/?post_type=product&#038;p=72"},"modified":"2021-02-23T14:30:48","modified_gmt":"2021-02-23T14:30:48","slug":"pleni-oxygen-c","status":"publish","type":"product","link":"https:\/\/newstagepower.com\/es\/producto\/pleni-oxygen-c\/","title":{"rendered":"Pleni Oxygen C"},"content":{"rendered":"","protected":false},"excerpt":{"rendered":"<p>Pleni Oxygen C es una f\u00f3rmula patentada dise\u00f1ada para aumentar los niveles de oxigenaci\u00f3n celular y respaldar la funci\u00f3n adecuada de todos los sistemas del cuerpo. Otorga todos los beneficios de la clorofila en una presentaci\u00f3n conveniente, ayudando al cuerpo a desarrollar gl\u00f3bulos rojos para aumentar la disponibilidad de ox\u00edgeno, limpiando las toxinas de los \u00f3rganos, apoyando la salud del tracto digestivo, estimulando el sistema inmunol\u00f3gico, promoviendo y acelerando el proceso de curaci\u00f3n natural, controlando el apetito y prevenir numerosas enfermedades y el crecimiento de bacterias da\u00f1inas en su sistema.<\/p>\n<p>Pleni Oxygen C aumentar\u00e1 sus niveles de energ\u00eda, aumentar\u00e1 sus capacidades de concentraci\u00f3n, mejorar\u00e1 su circulaci\u00f3n sangu\u00ednea, embellecer\u00e1 su piel y lo ayudar\u00e1 a combatir la fatiga mientras promueve una limpieza natural, desintoxicaci\u00f3n, purificaci\u00f3n y revitalizaci\u00f3n de las funciones naturales del cuerpo.<\/p>\n<p><em style=\"font-size: 7px;\">* Descargo de responsabilidad: Estas declaraciones no han sido evaluadas por la Administraci\u00f3n de Alimentos y Medicamentos. Este producto no est\u00e1 destinado a diagnosticar, tratar, curar o prevenir ninguna enfermedad.<\/em><\/p>","protected":false},"featured_media":73,"comment_status":"open","ping_status":"closed","template":"","meta":{"spay_email":""},"product_cat":[29],"product_tag":[],"yoast_head":"<!-- This site is optimized with the Yoast SEO plugin v18.3 - https:\/\/yoast.com\/wordpress\/plugins\/seo\/ -->\n<title>Pleni Oxygen C - New Stage<\/title>\n<meta name=\"robots\" content=\"index, follow, max-snippet:-1, max-image-preview:large, max-video-preview:-1\" \/>\n<link rel=\"canonical\" href=\"https:\/\/newstagepower.com\/es\/producto\/pleni-oxygen-c\/\" \/>\n<meta property=\"og:locale\" content=\"es_MX\" \/>\n<meta property=\"og:type\" content=\"article\" \/>\n<meta property=\"og:title\" content=\"Pleni Oxygen C - New Stage\" \/>\n<meta property=\"og:description\" content=\"Pleni Oxygen C is a proprietary formula designed to increase cell oxygenation levels and support the proper function of all systems in the body. It grants all the benefits of chlorophyll in a convenient presentation, helping the body build red cells to increase oxygen availability, cleansing toxins out of organs, supporting digestive tract health, boosting the immune system, promoting and speeding up the natural healing process, controlling appetite, and preventing numerous diseases and the growth of harmful bacteria in your system.  Pleni Oxygen C will boost your energy levels, increase your concentration capabilities, improve your blood circulation, beautify your skin, and help you fight fatigue while promoting a natural cleansing, detoxification, purification and revitalization of the body natural functions.  *Disclaimer: These statements have not been evaluated by the Food and Drug Administration. This product is not intended to diagnose, treat, cure or prevent any disease.\" \/>\n<meta property=\"og:url\" content=\"https:\/\/newstagepower.com\/es\/producto\/pleni-oxygen-c\/\" \/>\n<meta property=\"og:site_name\" content=\"New Stage\" \/>\n<meta property=\"article:modified_time\" content=\"2021-02-23T14:30:48+00:00\" \/>\n<meta property=\"og:image\" content=\"https:\/\/newstagepower.com\/wp-content\/uploads\/2020\/06\/PLENI-OXIGEN-C-1400x1400-1.jpg\" \/>\n\t<meta property=\"og:image:width\" content=\"1400\" \/>\n\t<meta property=\"og:image:height\" content=\"1400\" \/>\n\t<meta property=\"og:image:type\" content=\"image\/jpeg\" \/>\n<meta name=\"twitter:card\" content=\"summary_large_image\" \/>\n<script type=\"application\/ld+json\" class=\"yoast-schema-graph\">{\"@context\":\"https:\/\/schema.org\",\"@graph\":[{\"@type\":\"WebSite\",\"@id\":\"https:\/\/newstagepower.com\/es\/#website\",\"url\":\"https:\/\/newstagepower.com\/es\/\",\"name\":\"New Stage\",\"description\":\"Healthy Living\",\"potentialAction\":[{\"@type\":\"SearchAction\",\"target\":{\"@type\":\"EntryPoint\",\"urlTemplate\":\"https:\/\/newstagepower.com\/es\/?s={search_term_string}\"},\"query-input\":\"required name=search_term_string\"}],\"inLanguage\":\"es-MX\"},{\"@type\":\"ImageObject\",\"@id\":\"https:\/\/newstagepower.com\/es\/producto\/pleni-oxygen-c\/#primaryimage\",\"inLanguage\":\"es-MX\",\"url\":\"https:\/\/newstagepower.com\/wp-content\/uploads\/2020\/06\/PLENI-OXIGEN-C-1400x1400-1.jpg\",\"contentUrl\":\"https:\/\/newstagepower.com\/wp-content\/uploads\/2020\/06\/PLENI-OXIGEN-C-1400x1400-1.jpg\",\"width\":1400,\"height\":1400},{\"@type\":\"WebPage\",\"@id\":\"https:\/\/newstagepower.com\/es\/producto\/pleni-oxygen-c\/#webpage\",\"url\":\"https:\/\/newstagepower.com\/es\/producto\/pleni-oxygen-c\/\",\"name\":\"Pleni Oxygen C - New Stage\",\"isPartOf\":{\"@id\":\"https:\/\/newstagepower.com\/es\/#website\"},\"primaryImageOfPage\":{\"@id\":\"https:\/\/newstagepower.com\/es\/producto\/pleni-oxygen-c\/#primaryimage\"},\"datePublished\":\"2020-06-10T22:27:11+00:00\",\"dateModified\":\"2021-02-23T14:30:48+00:00\",\"breadcrumb\":{\"@id\":\"https:\/\/newstagepower.com\/es\/producto\/pleni-oxygen-c\/#breadcrumb\"},\"inLanguage\":\"es-MX\",\"potentialAction\":[{\"@type\":\"ReadAction\",\"target\":[\"https:\/\/newstagepower.com\/es\/producto\/pleni-oxygen-c\/\"]}]},{\"@type\":\"BreadcrumbList\",\"@id\":\"https:\/\/newstagepower.com\/es\/producto\/pleni-oxygen-c\/#breadcrumb\",\"itemListElement\":[{\"@type\":\"ListItem\",\"position\":1,\"name\":\"Home\",\"item\":\"https:\/\/newstagepower.com\/es\/\"},{\"@type\":\"ListItem\",\"position\":2,\"name\":\"Productos\",\"item\":\"https:\/\/newstagepower.com\/es\/shop\/\"},{\"@type\":\"ListItem\",\"position\":3,\"name\":\"Pleni Oxygen C\"}]}]}<\/script>\n<!-- \/ Yoast SEO plugin. -->","yoast_head_json":{"title":"Pleni Oxygen C - New Stage","robots":{"index":"index","follow":"follow","max-snippet":"max-snippet:-1","max-image-preview":"max-image-preview:large","max-video-preview":"max-video-preview:-1"},"canonical":"https:\/\/newstagepower.com\/es\/producto\/pleni-oxygen-c\/","og_locale":"es_MX","og_type":"article","og_title":"Pleni Oxygen C - New Stage","og_description":"Pleni Oxygen C is a proprietary formula designed to increase cell oxygenation levels and support the proper function of all systems in the body. It grants all the benefits of chlorophyll in a convenient presentation, helping the body build red cells to increase oxygen availability, cleansing toxins out of organs, supporting digestive tract health, boosting the immune system, promoting and speeding up the natural healing process, controlling appetite, and preventing numerous diseases and the growth of harmful bacteria in your system.  Pleni Oxygen C will boost your energy levels, increase your concentration capabilities, improve your blood circulation, beautify your skin, and help you fight fatigue while promoting a natural cleansing, detoxification, purification and revitalization of the body natural functions.  *Disclaimer: These statements have not been evaluated by the Food and Drug Administration. This product is not intended to diagnose, treat, cure or prevent any disease.","og_url":"https:\/\/newstagepower.com\/es\/producto\/pleni-oxygen-c\/","og_site_name":"New Stage","article_modified_time":"2021-02-23T14:30:48+00:00","og_image":[{"width":1400,"height":1400,"url":"https:\/\/newstagepower.com\/wp-content\/uploads\/2020\/06\/PLENI-OXIGEN-C-1400x1400-1.jpg","type":"image\/jpeg"}],"twitter_card":"summary_large_image","schema":{"@context":"https:\/\/schema.org","@graph":[{"@type":"WebSite","@id":"https:\/\/newstagepower.com\/es\/#website","url":"https:\/\/newstagepower.com\/es\/","name":"New Stage","description":"Healthy Living","potentialAction":[{"@type":"SearchAction","target":{"@type":"EntryPoint","urlTemplate":"https:\/\/newstagepower.com\/es\/?s={search_term_string}"},"query-input":"required name=search_term_string"}],"inLanguage":"es-MX"},{"@type":"ImageObject","@id":"https:\/\/newstagepower.com\/es\/producto\/pleni-oxygen-c\/#primaryimage","inLanguage":"es-MX","url":"https:\/\/newstagepower.com\/wp-content\/uploads\/2020\/06\/PLENI-OXIGEN-C-1400x1400-1.jpg","contentUrl":"https:\/\/newstagepower.com\/wp-content\/uploads\/2020\/06\/PLENI-OXIGEN-C-1400x1400-1.jpg","width":1400,"height":1400},{"@type":"WebPage","@id":"https:\/\/newstagepower.com\/es\/producto\/pleni-oxygen-c\/#webpage","url":"https:\/\/newstagepower.com\/es\/producto\/pleni-oxygen-c\/","name":"Pleni Oxygen C - New Stage","isPartOf":{"@id":"https:\/\/newstagepower.com\/es\/#website"},"primaryImageOfPage":{"@id":"https:\/\/newstagepower.com\/es\/producto\/pleni-oxygen-c\/#primaryimage"},"datePublished":"2020-06-10T22:27:11+00:00","dateModified":"2021-02-23T14:30:48+00:00","breadcrumb":{"@id":"https:\/\/newstagepower.com\/es\/producto\/pleni-oxygen-c\/#breadcrumb"},"inLanguage":"es-MX","potentialAction":[{"@type":"ReadAction","target":["https:\/\/newstagepower.com\/es\/producto\/pleni-oxygen-c\/"]}]},{"@type":"BreadcrumbList","@id":"https:\/\/newstagepower.com\/es\/producto\/pleni-oxygen-c\/#breadcrumb","itemListElement":[{"@type":"ListItem","position":1,"name":"Home","item":"https:\/\/newstagepower.com\/es\/"},{"@type":"ListItem","position":2,"name":"Productos","item":"https:\/\/newstagepower.com\/es\/shop\/"},{"@type":"ListItem","position":3,"name":"Pleni Oxygen C"}]}]}},"_links":{"self":[{"href":"https:\/\/newstagepower.com\/es\/wp-json\/wp\/v2\/product\/72"}],"collection":[{"href":"https:\/\/newstagepower.com\/es\/wp-json\/wp\/v2\/product"}],"about":[{"href":"https:\/\/newstagepower.com\/es\/wp-json\/wp\/v2\/types\/product"}],"replies":[{"embeddable":true,"href":"https:\/\/newstagepower.com\/es\/wp-json\/wp\/v2\/comments?post=72"}],"wp:featuredmedia":[{"embeddable":true,"href":"https:\/\/newstagepower.com\/es\/wp-json\/wp\/v2\/media\/73"}],"wp:attachment":[{"href":"https:\/\/newstagepower.com\/es\/wp-json\/wp\/v2\/media?parent=72"}],"wp:term":[{"taxonomy":"product_cat","embeddable":true,"href":"https:\/\/newstagepower.com\/es\/wp-json\/wp\/v2\/product_cat?post=72"},{"taxonomy":"product_tag","embeddable":true,"href":"https:\/\/newstagepower.com\/es\/wp-json\/wp\/v2\/product_tag?post=72"}],"curies":[{"name":"wp","href":"https:\/\/api.w.org\/{rel}","templated":true}]}}