{"id":74,"date":"2020-06-10T22:28:34","date_gmt":"2020-06-10T22:28:34","guid":{"rendered":"https:\/\/newstagepower.com\/?post_type=product&#038;p=74"},"modified":"2020-08-04T23:30:46","modified_gmt":"2020-08-04T23:30:46","slug":"pleni-shake","status":"publish","type":"product","link":"https:\/\/newstagepower.com\/es\/producto\/pleni-shake\/","title":{"rendered":"Pleni Shake"},"content":{"rendered":"","protected":false},"excerpt":{"rendered":"<p><span lang=\"EN-US\">Pleni Shake Protein + es una opci\u00f3n completa, sin gluten, de gran sabor, nutricional y conveniente para obtener una comida saludable y baja en calor\u00edas sobre la marcha. En todos sus tres sabores disponibles: vainilla, chocolate y fresa, Pleni Shake contiene prote\u00ednas, fibra, vitaminas esenciales, minerales y verduras alcalinas destinadas a proporcionar la nutrici\u00f3n de una comida completa. Esta poderosa mezcla le permitir\u00e1 perder peso y a\u00fan as\u00ed le dar\u00e1 a su cuerpo todos los nutrientes que necesita mientras reduce las calor\u00edas.<\/span><\/p>\n<p><span lang=\"EN-US\">Pleni Shake es una f\u00f3rmula amigable para diab\u00e9ticos sin az\u00facar, que maximiza la nutrici\u00f3n celular y promueve la salud para todas las edades y g\u00e9neros. Mejora el equilibrio digestivo, ofrece soporte cardiovascular, aumenta la energ\u00eda y la condici\u00f3n f\u00edsica, mejora el sistema inmunol\u00f3gico y apoya el envejecimiento saludable.<\/span><\/p>\n<p><span lang=\"EN-US\" style=\"font-size: 7px;\">* Descargo de responsabilidad: Estas declaraciones no han sido evaluadas por la Administraci\u00f3n de Alimentos y Medicamentos. Este producto no est\u00e1 destinado a diagnosticar, tratar, curar o prevenir ninguna enfermedad.<\/span><\/p>","protected":false},"featured_media":75,"comment_status":"open","ping_status":"closed","template":"","meta":{"spay_email":""},"product_cat":[20,31],"product_tag":[],"yoast_head":"<!-- This site is optimized with the Yoast SEO plugin v18.3 - https:\/\/yoast.com\/wordpress\/plugins\/seo\/ -->\n<title>Pleni Shake - New Stage<\/title>\n<meta name=\"robots\" content=\"index, follow, max-snippet:-1, max-image-preview:large, max-video-preview:-1\" \/>\n<link rel=\"canonical\" href=\"https:\/\/newstagepower.com\/es\/producto\/pleni-shake\/\" \/>\n<meta property=\"og:locale\" content=\"es_MX\" \/>\n<meta property=\"og:type\" content=\"article\" \/>\n<meta property=\"og:title\" content=\"Pleni Shake - New Stage\" \/>\n<meta property=\"og:description\" content=\"Pleni Shake Protein + is a complete, gluten free, great tasting, nutritional, and convenient option to get a healthy, low-calorie meal on the go. In all its three available flavors - vanilla, chocolate, and strawberry - Pleni Shake contains protein, fiber, essential vitamins, minerals, and alkaline greens intended to provide the nutrition of a full meal. This powerful blend will allow you to lose weight and still give your body all the nutrients it requires while cutting back on calories.  Pleni Shake is a no-sugar diabetic friendly formula, which maximizes cell nutrition and promotes health for all ages and genders. It improves digestive balance, offers cardiovascular support, heightens energy and physical condition, enhances the immune system, and supports healthy aging.  *Disclaimer: These statements have not been evaluated by the Food and Drug Administration. This product is not intended to diagnose, treat, cure or prevent any disease.\" \/>\n<meta property=\"og:url\" content=\"https:\/\/newstagepower.com\/es\/producto\/pleni-shake\/\" \/>\n<meta property=\"og:site_name\" content=\"New Stage\" \/>\n<meta property=\"article:modified_time\" content=\"2020-08-04T23:30:46+00:00\" \/>\n<meta property=\"og:image\" content=\"https:\/\/newstagepower.com\/wp-content\/uploads\/2020\/06\/PLENI-SHAKE-CHOCO-1400x1400-1.jpg\" \/>\n\t<meta property=\"og:image:width\" content=\"1400\" \/>\n\t<meta property=\"og:image:height\" content=\"1400\" \/>\n\t<meta property=\"og:image:type\" content=\"image\/jpeg\" \/>\n<meta name=\"twitter:card\" content=\"summary_large_image\" \/>\n<script type=\"application\/ld+json\" class=\"yoast-schema-graph\">{\"@context\":\"https:\/\/schema.org\",\"@graph\":[{\"@type\":\"WebSite\",\"@id\":\"https:\/\/newstagepower.com\/es\/#website\",\"url\":\"https:\/\/newstagepower.com\/es\/\",\"name\":\"New Stage\",\"description\":\"Healthy Living\",\"potentialAction\":[{\"@type\":\"SearchAction\",\"target\":{\"@type\":\"EntryPoint\",\"urlTemplate\":\"https:\/\/newstagepower.com\/es\/?s={search_term_string}\"},\"query-input\":\"required name=search_term_string\"}],\"inLanguage\":\"es-MX\"},{\"@type\":\"ImageObject\",\"@id\":\"https:\/\/newstagepower.com\/es\/producto\/pleni-shake\/#primaryimage\",\"inLanguage\":\"es-MX\",\"url\":\"https:\/\/newstagepower.com\/wp-content\/uploads\/2020\/06\/PLENI-SHAKE-CHOCO-1400x1400-1.jpg\",\"contentUrl\":\"https:\/\/newstagepower.com\/wp-content\/uploads\/2020\/06\/PLENI-SHAKE-CHOCO-1400x1400-1.jpg\",\"width\":1400,\"height\":1400},{\"@type\":\"WebPage\",\"@id\":\"https:\/\/newstagepower.com\/es\/producto\/pleni-shake\/#webpage\",\"url\":\"https:\/\/newstagepower.com\/es\/producto\/pleni-shake\/\",\"name\":\"Pleni Shake - New Stage\",\"isPartOf\":{\"@id\":\"https:\/\/newstagepower.com\/es\/#website\"},\"primaryImageOfPage\":{\"@id\":\"https:\/\/newstagepower.com\/es\/producto\/pleni-shake\/#primaryimage\"},\"datePublished\":\"2020-06-10T22:28:34+00:00\",\"dateModified\":\"2020-08-04T23:30:46+00:00\",\"breadcrumb\":{\"@id\":\"https:\/\/newstagepower.com\/es\/producto\/pleni-shake\/#breadcrumb\"},\"inLanguage\":\"es-MX\",\"potentialAction\":[{\"@type\":\"ReadAction\",\"target\":[\"https:\/\/newstagepower.com\/es\/producto\/pleni-shake\/\"]}]},{\"@type\":\"BreadcrumbList\",\"@id\":\"https:\/\/newstagepower.com\/es\/producto\/pleni-shake\/#breadcrumb\",\"itemListElement\":[{\"@type\":\"ListItem\",\"position\":1,\"name\":\"Home\",\"item\":\"https:\/\/newstagepower.com\/es\/\"},{\"@type\":\"ListItem\",\"position\":2,\"name\":\"Productos\",\"item\":\"https:\/\/newstagepower.com\/es\/shop\/\"},{\"@type\":\"ListItem\",\"position\":3,\"name\":\"Pleni Shake\"}]}]}<\/script>\n<!-- \/ Yoast SEO plugin. -->","yoast_head_json":{"title":"Pleni Shake - New Stage","robots":{"index":"index","follow":"follow","max-snippet":"max-snippet:-1","max-image-preview":"max-image-preview:large","max-video-preview":"max-video-preview:-1"},"canonical":"https:\/\/newstagepower.com\/es\/producto\/pleni-shake\/","og_locale":"es_MX","og_type":"article","og_title":"Pleni Shake - New Stage","og_description":"Pleni Shake Protein + is a complete, gluten free, great tasting, nutritional, and convenient option to get a healthy, low-calorie meal on the go. In all its three available flavors - vanilla, chocolate, and strawberry - Pleni Shake contains protein, fiber, essential vitamins, minerals, and alkaline greens intended to provide the nutrition of a full meal. This powerful blend will allow you to lose weight and still give your body all the nutrients it requires while cutting back on calories.  Pleni Shake is a no-sugar diabetic friendly formula, which maximizes cell nutrition and promotes health for all ages and genders. It improves digestive balance, offers cardiovascular support, heightens energy and physical condition, enhances the immune system, and supports healthy aging.  *Disclaimer: These statements have not been evaluated by the Food and Drug Administration. This product is not intended to diagnose, treat, cure or prevent any disease.","og_url":"https:\/\/newstagepower.com\/es\/producto\/pleni-shake\/","og_site_name":"New Stage","article_modified_time":"2020-08-04T23:30:46+00:00","og_image":[{"width":1400,"height":1400,"url":"https:\/\/newstagepower.com\/wp-content\/uploads\/2020\/06\/PLENI-SHAKE-CHOCO-1400x1400-1.jpg","type":"image\/jpeg"}],"twitter_card":"summary_large_image","schema":{"@context":"https:\/\/schema.org","@graph":[{"@type":"WebSite","@id":"https:\/\/newstagepower.com\/es\/#website","url":"https:\/\/newstagepower.com\/es\/","name":"New Stage","description":"Healthy Living","potentialAction":[{"@type":"SearchAction","target":{"@type":"EntryPoint","urlTemplate":"https:\/\/newstagepower.com\/es\/?s={search_term_string}"},"query-input":"required name=search_term_string"}],"inLanguage":"es-MX"},{"@type":"ImageObject","@id":"https:\/\/newstagepower.com\/es\/producto\/pleni-shake\/#primaryimage","inLanguage":"es-MX","url":"https:\/\/newstagepower.com\/wp-content\/uploads\/2020\/06\/PLENI-SHAKE-CHOCO-1400x1400-1.jpg","contentUrl":"https:\/\/newstagepower.com\/wp-content\/uploads\/2020\/06\/PLENI-SHAKE-CHOCO-1400x1400-1.jpg","width":1400,"height":1400},{"@type":"WebPage","@id":"https:\/\/newstagepower.com\/es\/producto\/pleni-shake\/#webpage","url":"https:\/\/newstagepower.com\/es\/producto\/pleni-shake\/","name":"Pleni Shake - New Stage","isPartOf":{"@id":"https:\/\/newstagepower.com\/es\/#website"},"primaryImageOfPage":{"@id":"https:\/\/newstagepower.com\/es\/producto\/pleni-shake\/#primaryimage"},"datePublished":"2020-06-10T22:28:34+00:00","dateModified":"2020-08-04T23:30:46+00:00","breadcrumb":{"@id":"https:\/\/newstagepower.com\/es\/producto\/pleni-shake\/#breadcrumb"},"inLanguage":"es-MX","potentialAction":[{"@type":"ReadAction","target":["https:\/\/newstagepower.com\/es\/producto\/pleni-shake\/"]}]},{"@type":"BreadcrumbList","@id":"https:\/\/newstagepower.com\/es\/producto\/pleni-shake\/#breadcrumb","itemListElement":[{"@type":"ListItem","position":1,"name":"Home","item":"https:\/\/newstagepower.com\/es\/"},{"@type":"ListItem","position":2,"name":"Productos","item":"https:\/\/newstagepower.com\/es\/shop\/"},{"@type":"ListItem","position":3,"name":"Pleni Shake"}]}]}},"_links":{"self":[{"href":"https:\/\/newstagepower.com\/es\/wp-json\/wp\/v2\/product\/74"}],"collection":[{"href":"https:\/\/newstagepower.com\/es\/wp-json\/wp\/v2\/product"}],"about":[{"href":"https:\/\/newstagepower.com\/es\/wp-json\/wp\/v2\/types\/product"}],"replies":[{"embeddable":true,"href":"https:\/\/newstagepower.com\/es\/wp-json\/wp\/v2\/comments?post=74"}],"wp:featuredmedia":[{"embeddable":true,"href":"https:\/\/newstagepower.com\/es\/wp-json\/wp\/v2\/media\/75"}],"wp:attachment":[{"href":"https:\/\/newstagepower.com\/es\/wp-json\/wp\/v2\/media?parent=74"}],"wp:term":[{"taxonomy":"product_cat","embeddable":true,"href":"https:\/\/newstagepower.com\/es\/wp-json\/wp\/v2\/product_cat?post=74"},{"taxonomy":"product_tag","embeddable":true,"href":"https:\/\/newstagepower.com\/es\/wp-json\/wp\/v2\/product_tag?post=74"}],"curies":[{"name":"wp","href":"https:\/\/api.w.org\/{rel}","templated":true}]}}