{"id":76,"date":"2020-06-10T22:31:37","date_gmt":"2020-06-10T22:31:37","guid":{"rendered":"https:\/\/newstagepower.com\/?post_type=product&#038;p=76"},"modified":"2021-02-23T14:30:24","modified_gmt":"2021-02-23T14:30:24","slug":"plenialoe","status":"publish","type":"product","link":"https:\/\/newstagepower.com\/es\/producto\/plenialoe\/","title":{"rendered":"Plenialoe"},"content":{"rendered":"","protected":false},"excerpt":{"rendered":"<p>Plenialoe es un sabroso jugo de Aloe Vera con sabor a naranja que aprovecha todos los beneficios del Aloe Vera en una botella para proporcionar salud y vitalidad en una presentaci\u00f3n conveniente. El aloe vera equilibra la alcalinidad del cuerpo, lo que dificulta el desarrollo de enfermedades y, al mismo tiempo, mantiene el cuerpo hidratado y ayuda a purgar y eliminar las impurezas y toxinas. Sus propiedades desintoxicantes mantienen sus ri\u00f1ones, h\u00edgado y sistema cardio-digestivo funcionando de manera \u00f3ptima.<\/p>\n<p>Adem\u00e1s, el aloe vera ayuda con el estre\u00f1imiento, los s\u00edntomas de alergia, la absorci\u00f3n de nutrientes, ayuda a proteger la piel y contiene importantes minerales, vitaminas y \u00e1cido f\u00f3lico. \u00a1Estos son solo algunos beneficios! \u00a1Beba Plenialoe y disfrute de la nutrici\u00f3n completa del cuerpo que solo el Aloe Vera puede proporcionar!<\/p>\n<p><em style=\"font-size: 7px;\">* Descargo de responsabilidad: Estas declaraciones no han sido evaluadas por la Administraci\u00f3n de Alimentos y Medicamentos. Este producto no est\u00e1 destinado a diagnosticar, tratar, curar o prevenir ninguna enfermedad.<\/em><\/p>","protected":false},"featured_media":77,"comment_status":"open","ping_status":"closed","template":"","meta":{"spay_email":""},"product_cat":[29,20,30],"product_tag":[],"yoast_head":"<!-- This site is optimized with the Yoast SEO plugin v18.3 - https:\/\/yoast.com\/wordpress\/plugins\/seo\/ -->\n<title>Plenialoe - New Stage<\/title>\n<meta name=\"robots\" content=\"index, follow, max-snippet:-1, max-image-preview:large, max-video-preview:-1\" \/>\n<link rel=\"canonical\" href=\"https:\/\/newstagepower.com\/es\/producto\/plenialoe\/\" \/>\n<meta property=\"og:locale\" content=\"es_MX\" \/>\n<meta property=\"og:type\" content=\"article\" \/>\n<meta property=\"og:title\" content=\"Plenialoe - New Stage\" \/>\n<meta property=\"og:description\" content=\"Plenialoe is a tasty orange-flavored Aloe Vera Juice that harnesses all the benefits from Aloe Vera into a bottle to provide health and vitality in a convenient presentation. Aloe Vera balances the alkalinity of the body, making it harder for illnesses to thrive and at the same time, keeps the body hydrated and helps to purge and flush out impurities and toxins. Its detoxifying properties keep your kidneys, liver and cardio-digestive system functioning optimally.  In addition, Aloe Vera helps with constipation, allergy symptoms, nutrient absorption, helps protect the skin, and it contains important minerals, vitamins, and folic acid. These are only a few benefits! Drink Plenialoe and enjoy the complete nourishment of the body that only Aloe Vera can provide!  *Disclaimer: These statements have not been evaluated by the Food and Drug Administration. This product is not intended to diagnose, treat, cure or prevent any disease.\" \/>\n<meta property=\"og:url\" content=\"https:\/\/newstagepower.com\/es\/producto\/plenialoe\/\" \/>\n<meta property=\"og:site_name\" content=\"New Stage\" \/>\n<meta property=\"article:modified_time\" content=\"2021-02-23T14:30:24+00:00\" \/>\n<meta property=\"og:image\" content=\"https:\/\/newstagepower.com\/wp-content\/uploads\/2020\/06\/PLENIALOE-1400x1400-1.jpg\" \/>\n\t<meta property=\"og:image:width\" content=\"1400\" \/>\n\t<meta property=\"og:image:height\" content=\"1400\" \/>\n\t<meta property=\"og:image:type\" content=\"image\/jpeg\" \/>\n<meta name=\"twitter:card\" content=\"summary_large_image\" \/>\n<script type=\"application\/ld+json\" class=\"yoast-schema-graph\">{\"@context\":\"https:\/\/schema.org\",\"@graph\":[{\"@type\":\"WebSite\",\"@id\":\"https:\/\/newstagepower.com\/es\/#website\",\"url\":\"https:\/\/newstagepower.com\/es\/\",\"name\":\"New Stage\",\"description\":\"Healthy Living\",\"potentialAction\":[{\"@type\":\"SearchAction\",\"target\":{\"@type\":\"EntryPoint\",\"urlTemplate\":\"https:\/\/newstagepower.com\/es\/?s={search_term_string}\"},\"query-input\":\"required name=search_term_string\"}],\"inLanguage\":\"es-MX\"},{\"@type\":\"ImageObject\",\"@id\":\"https:\/\/newstagepower.com\/es\/producto\/plenialoe\/#primaryimage\",\"inLanguage\":\"es-MX\",\"url\":\"https:\/\/newstagepower.com\/wp-content\/uploads\/2020\/06\/PLENIALOE-1400x1400-1.jpg\",\"contentUrl\":\"https:\/\/newstagepower.com\/wp-content\/uploads\/2020\/06\/PLENIALOE-1400x1400-1.jpg\",\"width\":1400,\"height\":1400},{\"@type\":\"WebPage\",\"@id\":\"https:\/\/newstagepower.com\/es\/producto\/plenialoe\/#webpage\",\"url\":\"https:\/\/newstagepower.com\/es\/producto\/plenialoe\/\",\"name\":\"Plenialoe - New Stage\",\"isPartOf\":{\"@id\":\"https:\/\/newstagepower.com\/es\/#website\"},\"primaryImageOfPage\":{\"@id\":\"https:\/\/newstagepower.com\/es\/producto\/plenialoe\/#primaryimage\"},\"datePublished\":\"2020-06-10T22:31:37+00:00\",\"dateModified\":\"2021-02-23T14:30:24+00:00\",\"breadcrumb\":{\"@id\":\"https:\/\/newstagepower.com\/es\/producto\/plenialoe\/#breadcrumb\"},\"inLanguage\":\"es-MX\",\"potentialAction\":[{\"@type\":\"ReadAction\",\"target\":[\"https:\/\/newstagepower.com\/es\/producto\/plenialoe\/\"]}]},{\"@type\":\"BreadcrumbList\",\"@id\":\"https:\/\/newstagepower.com\/es\/producto\/plenialoe\/#breadcrumb\",\"itemListElement\":[{\"@type\":\"ListItem\",\"position\":1,\"name\":\"Home\",\"item\":\"https:\/\/newstagepower.com\/es\/\"},{\"@type\":\"ListItem\",\"position\":2,\"name\":\"Productos\",\"item\":\"https:\/\/newstagepower.com\/es\/shop\/\"},{\"@type\":\"ListItem\",\"position\":3,\"name\":\"Plenialoe\"}]}]}<\/script>\n<!-- \/ Yoast SEO plugin. -->","yoast_head_json":{"title":"Plenialoe - New Stage","robots":{"index":"index","follow":"follow","max-snippet":"max-snippet:-1","max-image-preview":"max-image-preview:large","max-video-preview":"max-video-preview:-1"},"canonical":"https:\/\/newstagepower.com\/es\/producto\/plenialoe\/","og_locale":"es_MX","og_type":"article","og_title":"Plenialoe - New Stage","og_description":"Plenialoe is a tasty orange-flavored Aloe Vera Juice that harnesses all the benefits from Aloe Vera into a bottle to provide health and vitality in a convenient presentation. Aloe Vera balances the alkalinity of the body, making it harder for illnesses to thrive and at the same time, keeps the body hydrated and helps to purge and flush out impurities and toxins. Its detoxifying properties keep your kidneys, liver and cardio-digestive system functioning optimally.  In addition, Aloe Vera helps with constipation, allergy symptoms, nutrient absorption, helps protect the skin, and it contains important minerals, vitamins, and folic acid. These are only a few benefits! Drink Plenialoe and enjoy the complete nourishment of the body that only Aloe Vera can provide!  *Disclaimer: These statements have not been evaluated by the Food and Drug Administration. This product is not intended to diagnose, treat, cure or prevent any disease.","og_url":"https:\/\/newstagepower.com\/es\/producto\/plenialoe\/","og_site_name":"New Stage","article_modified_time":"2021-02-23T14:30:24+00:00","og_image":[{"width":1400,"height":1400,"url":"https:\/\/newstagepower.com\/wp-content\/uploads\/2020\/06\/PLENIALOE-1400x1400-1.jpg","type":"image\/jpeg"}],"twitter_card":"summary_large_image","schema":{"@context":"https:\/\/schema.org","@graph":[{"@type":"WebSite","@id":"https:\/\/newstagepower.com\/es\/#website","url":"https:\/\/newstagepower.com\/es\/","name":"New Stage","description":"Healthy Living","potentialAction":[{"@type":"SearchAction","target":{"@type":"EntryPoint","urlTemplate":"https:\/\/newstagepower.com\/es\/?s={search_term_string}"},"query-input":"required name=search_term_string"}],"inLanguage":"es-MX"},{"@type":"ImageObject","@id":"https:\/\/newstagepower.com\/es\/producto\/plenialoe\/#primaryimage","inLanguage":"es-MX","url":"https:\/\/newstagepower.com\/wp-content\/uploads\/2020\/06\/PLENIALOE-1400x1400-1.jpg","contentUrl":"https:\/\/newstagepower.com\/wp-content\/uploads\/2020\/06\/PLENIALOE-1400x1400-1.jpg","width":1400,"height":1400},{"@type":"WebPage","@id":"https:\/\/newstagepower.com\/es\/producto\/plenialoe\/#webpage","url":"https:\/\/newstagepower.com\/es\/producto\/plenialoe\/","name":"Plenialoe - New Stage","isPartOf":{"@id":"https:\/\/newstagepower.com\/es\/#website"},"primaryImageOfPage":{"@id":"https:\/\/newstagepower.com\/es\/producto\/plenialoe\/#primaryimage"},"datePublished":"2020-06-10T22:31:37+00:00","dateModified":"2021-02-23T14:30:24+00:00","breadcrumb":{"@id":"https:\/\/newstagepower.com\/es\/producto\/plenialoe\/#breadcrumb"},"inLanguage":"es-MX","potentialAction":[{"@type":"ReadAction","target":["https:\/\/newstagepower.com\/es\/producto\/plenialoe\/"]}]},{"@type":"BreadcrumbList","@id":"https:\/\/newstagepower.com\/es\/producto\/plenialoe\/#breadcrumb","itemListElement":[{"@type":"ListItem","position":1,"name":"Home","item":"https:\/\/newstagepower.com\/es\/"},{"@type":"ListItem","position":2,"name":"Productos","item":"https:\/\/newstagepower.com\/es\/shop\/"},{"@type":"ListItem","position":3,"name":"Plenialoe"}]}]}},"_links":{"self":[{"href":"https:\/\/newstagepower.com\/es\/wp-json\/wp\/v2\/product\/76"}],"collection":[{"href":"https:\/\/newstagepower.com\/es\/wp-json\/wp\/v2\/product"}],"about":[{"href":"https:\/\/newstagepower.com\/es\/wp-json\/wp\/v2\/types\/product"}],"replies":[{"embeddable":true,"href":"https:\/\/newstagepower.com\/es\/wp-json\/wp\/v2\/comments?post=76"}],"wp:featuredmedia":[{"embeddable":true,"href":"https:\/\/newstagepower.com\/es\/wp-json\/wp\/v2\/media\/77"}],"wp:attachment":[{"href":"https:\/\/newstagepower.com\/es\/wp-json\/wp\/v2\/media?parent=76"}],"wp:term":[{"taxonomy":"product_cat","embeddable":true,"href":"https:\/\/newstagepower.com\/es\/wp-json\/wp\/v2\/product_cat?post=76"},{"taxonomy":"product_tag","embeddable":true,"href":"https:\/\/newstagepower.com\/es\/wp-json\/wp\/v2\/product_tag?post=76"}],"curies":[{"name":"wp","href":"https:\/\/api.w.org\/{rel}","templated":true}]}}