{"id":79,"date":"2020-06-10T22:34:57","date_gmt":"2020-06-10T22:34:57","guid":{"rendered":"https:\/\/newstagepower.com\/?post_type=product&#038;p=79"},"modified":"2020-08-04T23:29:35","modified_gmt":"2020-08-04T23:29:35","slug":"power-fat-less","status":"publish","type":"product","link":"https:\/\/newstagepower.com\/es\/producto\/power-fat-less\/","title":{"rendered":"Power Fat Less"},"content":{"rendered":"<p>CADA C\u00c1PSULA CONTIENE<\/p>\n<p>Picolinato de cromo, complejo lipotr\u00f3pico, hierbas termog\u00e9nicas y factores de energ\u00eda a base de hierbas.<\/p>\n<p>* Tome una p\u00edldora al d\u00eda como suplemento diet\u00e9tico *<\/p>","protected":false},"excerpt":{"rendered":"<p>Power Fat Less es un eficiente quemador de grasa corporal 100% natural que no contiene levadura, soja, ma\u00edz, trigo, cebada, almid\u00f3n, az\u00facar, leche, colorantes ni conservantes. En cambio, aprovecha el poder del picolinato de cromo, las hierbas termog\u00e9nicas y otros compuestos para mejorar el metabolismo energ\u00e9tico, acelerar la combusti\u00f3n de glucosa, evitar los dep\u00f3sitos de grasa y reducir los antojos.<\/p>\n<p>Power Fat Less tambi\u00e9n es una forma ideal de disfrutar de un impulso de energ\u00eda natural y saludable para rendir al m\u00e1ximo durante las actividades del d\u00eda. Ayuda a su h\u00edgado a eliminar toxinas y mejora la conversi\u00f3n de grasa en el p\u00e1ncreas \/ h\u00edgado en energ\u00eda. Power Fat Less es simplemente un poderoso aliado para lograr y mantener su peso ideal, mantenerse saludable y con altos niveles de energ\u00eda para lograr todo en su lista de tareas.<\/p>\n<p><em style=\"font-size: 7px;\">* Descargo de responsabilidad: Estas declaraciones no han sido evaluadas por la Administraci\u00f3n de Alimentos y Medicamentos. Este producto no est\u00e1 destinado a diagnosticar, tratar, curar o prevenir ninguna enfermedad.<\/em><\/p>","protected":false},"featured_media":80,"comment_status":"open","ping_status":"closed","template":"","meta":{"spay_email":""},"product_cat":[20,24],"product_tag":[],"yoast_head":"<!-- This site is optimized with the Yoast SEO plugin v18.3 - https:\/\/yoast.com\/wordpress\/plugins\/seo\/ -->\n<title>Power Fat Less - New Stage<\/title>\n<meta name=\"robots\" content=\"index, follow, max-snippet:-1, max-image-preview:large, max-video-preview:-1\" \/>\n<link rel=\"canonical\" href=\"https:\/\/newstagepower.com\/es\/producto\/power-fat-less\/\" \/>\n<meta property=\"og:locale\" content=\"es_MX\" \/>\n<meta property=\"og:type\" content=\"article\" \/>\n<meta property=\"og:title\" content=\"Power Fat Less - New Stage\" \/>\n<meta property=\"og:description\" content=\"Power Fat Less is an efficient, 100% natural body fat burner that contains no yeast, soy, corn, wheat, barley, starch, sugar, milk, coloring or preservatives. Instead, it harnesses the power of Chromium Picolinate, thermogenic herbs and other compounds to improve the energetic metabolism, accelerating glucose combustion, avoiding fat deposits, and reducing cravings.  Power Fat Less is also an ideal way to enjoy a natural and healthy energy boost to perform at your best during your day\u2019s activities. It helps your liver move toxins out and enhances the pancreas\/liver conversion of fat into energy. Power Fat Less is simply a powerful ally to achieve and maintain your ideal weight, stay healthy and with high energy levels to accomplish everything on your task list.  *Disclaimer: These statements have not been evaluated by the Food and Drug Administration. This product is not intended to diagnose, treat, cure or prevent any disease.\" \/>\n<meta property=\"og:url\" content=\"https:\/\/newstagepower.com\/es\/producto\/power-fat-less\/\" \/>\n<meta property=\"og:site_name\" content=\"New Stage\" \/>\n<meta property=\"article:modified_time\" content=\"2020-08-04T23:29:35+00:00\" \/>\n<meta property=\"og:image\" content=\"https:\/\/newstagepower.com\/wp-content\/uploads\/2020\/06\/POWER-FAT-LESS-1400x1400-1.jpg\" \/>\n\t<meta property=\"og:image:width\" content=\"1400\" \/>\n\t<meta property=\"og:image:height\" content=\"1400\" \/>\n\t<meta property=\"og:image:type\" content=\"image\/jpeg\" \/>\n<meta name=\"twitter:card\" content=\"summary_large_image\" \/>\n<script type=\"application\/ld+json\" class=\"yoast-schema-graph\">{\"@context\":\"https:\/\/schema.org\",\"@graph\":[{\"@type\":\"WebSite\",\"@id\":\"https:\/\/newstagepower.com\/es\/#website\",\"url\":\"https:\/\/newstagepower.com\/es\/\",\"name\":\"New Stage\",\"description\":\"Healthy Living\",\"potentialAction\":[{\"@type\":\"SearchAction\",\"target\":{\"@type\":\"EntryPoint\",\"urlTemplate\":\"https:\/\/newstagepower.com\/es\/?s={search_term_string}\"},\"query-input\":\"required name=search_term_string\"}],\"inLanguage\":\"es-MX\"},{\"@type\":\"ImageObject\",\"@id\":\"https:\/\/newstagepower.com\/es\/producto\/power-fat-less\/#primaryimage\",\"inLanguage\":\"es-MX\",\"url\":\"https:\/\/newstagepower.com\/wp-content\/uploads\/2020\/06\/POWER-FAT-LESS-1400x1400-1.jpg\",\"contentUrl\":\"https:\/\/newstagepower.com\/wp-content\/uploads\/2020\/06\/POWER-FAT-LESS-1400x1400-1.jpg\",\"width\":1400,\"height\":1400},{\"@type\":\"WebPage\",\"@id\":\"https:\/\/newstagepower.com\/es\/producto\/power-fat-less\/#webpage\",\"url\":\"https:\/\/newstagepower.com\/es\/producto\/power-fat-less\/\",\"name\":\"Power Fat Less - New Stage\",\"isPartOf\":{\"@id\":\"https:\/\/newstagepower.com\/es\/#website\"},\"primaryImageOfPage\":{\"@id\":\"https:\/\/newstagepower.com\/es\/producto\/power-fat-less\/#primaryimage\"},\"datePublished\":\"2020-06-10T22:34:57+00:00\",\"dateModified\":\"2020-08-04T23:29:35+00:00\",\"breadcrumb\":{\"@id\":\"https:\/\/newstagepower.com\/es\/producto\/power-fat-less\/#breadcrumb\"},\"inLanguage\":\"es-MX\",\"potentialAction\":[{\"@type\":\"ReadAction\",\"target\":[\"https:\/\/newstagepower.com\/es\/producto\/power-fat-less\/\"]}]},{\"@type\":\"BreadcrumbList\",\"@id\":\"https:\/\/newstagepower.com\/es\/producto\/power-fat-less\/#breadcrumb\",\"itemListElement\":[{\"@type\":\"ListItem\",\"position\":1,\"name\":\"Home\",\"item\":\"https:\/\/newstagepower.com\/es\/\"},{\"@type\":\"ListItem\",\"position\":2,\"name\":\"Productos\",\"item\":\"https:\/\/newstagepower.com\/es\/shop\/\"},{\"@type\":\"ListItem\",\"position\":3,\"name\":\"Power Fat Less\"}]}]}<\/script>\n<!-- \/ Yoast SEO plugin. -->","yoast_head_json":{"title":"Power Fat Less - New Stage","robots":{"index":"index","follow":"follow","max-snippet":"max-snippet:-1","max-image-preview":"max-image-preview:large","max-video-preview":"max-video-preview:-1"},"canonical":"https:\/\/newstagepower.com\/es\/producto\/power-fat-less\/","og_locale":"es_MX","og_type":"article","og_title":"Power Fat Less - New Stage","og_description":"Power Fat Less is an efficient, 100% natural body fat burner that contains no yeast, soy, corn, wheat, barley, starch, sugar, milk, coloring or preservatives. Instead, it harnesses the power of Chromium Picolinate, thermogenic herbs and other compounds to improve the energetic metabolism, accelerating glucose combustion, avoiding fat deposits, and reducing cravings.  Power Fat Less is also an ideal way to enjoy a natural and healthy energy boost to perform at your best during your day\u2019s activities. It helps your liver move toxins out and enhances the pancreas\/liver conversion of fat into energy. Power Fat Less is simply a powerful ally to achieve and maintain your ideal weight, stay healthy and with high energy levels to accomplish everything on your task list.  *Disclaimer: These statements have not been evaluated by the Food and Drug Administration. This product is not intended to diagnose, treat, cure or prevent any disease.","og_url":"https:\/\/newstagepower.com\/es\/producto\/power-fat-less\/","og_site_name":"New Stage","article_modified_time":"2020-08-04T23:29:35+00:00","og_image":[{"width":1400,"height":1400,"url":"https:\/\/newstagepower.com\/wp-content\/uploads\/2020\/06\/POWER-FAT-LESS-1400x1400-1.jpg","type":"image\/jpeg"}],"twitter_card":"summary_large_image","schema":{"@context":"https:\/\/schema.org","@graph":[{"@type":"WebSite","@id":"https:\/\/newstagepower.com\/es\/#website","url":"https:\/\/newstagepower.com\/es\/","name":"New Stage","description":"Healthy Living","potentialAction":[{"@type":"SearchAction","target":{"@type":"EntryPoint","urlTemplate":"https:\/\/newstagepower.com\/es\/?s={search_term_string}"},"query-input":"required name=search_term_string"}],"inLanguage":"es-MX"},{"@type":"ImageObject","@id":"https:\/\/newstagepower.com\/es\/producto\/power-fat-less\/#primaryimage","inLanguage":"es-MX","url":"https:\/\/newstagepower.com\/wp-content\/uploads\/2020\/06\/POWER-FAT-LESS-1400x1400-1.jpg","contentUrl":"https:\/\/newstagepower.com\/wp-content\/uploads\/2020\/06\/POWER-FAT-LESS-1400x1400-1.jpg","width":1400,"height":1400},{"@type":"WebPage","@id":"https:\/\/newstagepower.com\/es\/producto\/power-fat-less\/#webpage","url":"https:\/\/newstagepower.com\/es\/producto\/power-fat-less\/","name":"Power Fat Less - New Stage","isPartOf":{"@id":"https:\/\/newstagepower.com\/es\/#website"},"primaryImageOfPage":{"@id":"https:\/\/newstagepower.com\/es\/producto\/power-fat-less\/#primaryimage"},"datePublished":"2020-06-10T22:34:57+00:00","dateModified":"2020-08-04T23:29:35+00:00","breadcrumb":{"@id":"https:\/\/newstagepower.com\/es\/producto\/power-fat-less\/#breadcrumb"},"inLanguage":"es-MX","potentialAction":[{"@type":"ReadAction","target":["https:\/\/newstagepower.com\/es\/producto\/power-fat-less\/"]}]},{"@type":"BreadcrumbList","@id":"https:\/\/newstagepower.com\/es\/producto\/power-fat-less\/#breadcrumb","itemListElement":[{"@type":"ListItem","position":1,"name":"Home","item":"https:\/\/newstagepower.com\/es\/"},{"@type":"ListItem","position":2,"name":"Productos","item":"https:\/\/newstagepower.com\/es\/shop\/"},{"@type":"ListItem","position":3,"name":"Power Fat Less"}]}]}},"_links":{"self":[{"href":"https:\/\/newstagepower.com\/es\/wp-json\/wp\/v2\/product\/79"}],"collection":[{"href":"https:\/\/newstagepower.com\/es\/wp-json\/wp\/v2\/product"}],"about":[{"href":"https:\/\/newstagepower.com\/es\/wp-json\/wp\/v2\/types\/product"}],"replies":[{"embeddable":true,"href":"https:\/\/newstagepower.com\/es\/wp-json\/wp\/v2\/comments?post=79"}],"wp:featuredmedia":[{"embeddable":true,"href":"https:\/\/newstagepower.com\/es\/wp-json\/wp\/v2\/media\/80"}],"wp:attachment":[{"href":"https:\/\/newstagepower.com\/es\/wp-json\/wp\/v2\/media?parent=79"}],"wp:term":[{"taxonomy":"product_cat","embeddable":true,"href":"https:\/\/newstagepower.com\/es\/wp-json\/wp\/v2\/product_cat?post=79"},{"taxonomy":"product_tag","embeddable":true,"href":"https:\/\/newstagepower.com\/es\/wp-json\/wp\/v2\/product_tag?post=79"}],"curies":[{"name":"wp","href":"https:\/\/api.w.org\/{rel}","templated":true}]}}