{"id":82,"date":"2020-06-10T22:41:20","date_gmt":"2020-06-10T22:41:20","guid":{"rendered":"https:\/\/newstagepower.com\/?post_type=product&#038;p=82"},"modified":"2021-02-23T14:30:38","modified_gmt":"2021-02-23T14:30:38","slug":"slender-power-gel","status":"publish","type":"product","link":"https:\/\/newstagepower.com\/es\/producto\/slender-power-gel\/","title":{"rendered":"Slender Power Gel"},"content":{"rendered":"<ul>\n<li>HECHOS SUPLEMENTARIOS<br \/>\nUso sugerido: aplique abundantemente en el \u00e1rea que desea tratar. Haz un masaje en movimiento circular.<\/li>\n<li>Ingredientes activos: cristales de mentol, alcanfor, sint\u00e9tico 4.1, di agua, uniphen P-23, Rheocare ATC \/ Cosmedia ATC, cola de caballo, garcinia cambogia, toronja, romero, salicilato de metilo.<\/li>\n<\/ul>","protected":false},"excerpt":{"rendered":"<p>Slender Power Gel es una f\u00f3rmula de alta calidad, \u00fanica y enriquecida que contiene compuestos eficientes y de origen natural, que mejoran los procesos naturales de p\u00e9rdida de peso y cuyos extractos herbales lo hacen adecuado para aliviar el dolor muscular y articular. Tiene propiedades antioxidantes y sirve como barrera protectora entre sus c\u00e9lulas y la contaminaci\u00f3n ambiental que acelera el proceso de envejecimiento.<\/p>\n<p>Slender Power Gel se absorbe muy r\u00e1pidamente, es efectivo tanto para hombres como para mujeres, y es altamente compatible con casi todos los tipos de piel. Una vez aplicado no deja pegajosidad ni sensaci\u00f3n grasosa. Slender Power Gel es la soluci\u00f3n definitiva para reducir la grasa corporal localizada, prevenir la flacidez de la piel asociada con el proceso de p\u00e9rdida de peso, promoviendo una piel suave y juvenil.  <\/p>\n<p><em style=\"font-size:7px;\">* Descargo de responsabilidad: Estas declaraciones no han sido evaluadas por la Administraci\u00f3n de Alimentos y Medicamentos. Este producto no est\u00e1 destinado a diagnosticar, tratar, curar o prevenir ninguna enfermedad.<\/em><\/p>","protected":false},"featured_media":83,"comment_status":"open","ping_status":"closed","template":"","meta":{"spay_email":""},"product_cat":[25,44,33],"product_tag":[],"yoast_head":"<!-- This site is optimized with the Yoast SEO plugin v18.3 - https:\/\/yoast.com\/wordpress\/plugins\/seo\/ -->\n<title>Slender Power Gel - New Stage<\/title>\n<meta name=\"robots\" content=\"index, follow, max-snippet:-1, max-image-preview:large, max-video-preview:-1\" \/>\n<link rel=\"canonical\" href=\"https:\/\/newstagepower.com\/es\/producto\/slender-power-gel\/\" \/>\n<meta property=\"og:locale\" content=\"es_MX\" \/>\n<meta property=\"og:type\" content=\"article\" \/>\n<meta property=\"og:title\" content=\"Slender Power Gel - New Stage\" \/>\n<meta property=\"og:description\" content=\"Slender Power Gel is a high-quality, unique, and enriched formula that contains efficient and natural sourced compounds, which enhance the natural processes of losing weight and whose herbal extracts make it suitable for alleviating muscle and joint pain. It has antioxidant properties and serves as a protective barrier between your cells and the environmental pollution that accelerates the aging process.  Slender Power Gel is absorbed very quickly, is effective for both men and women, and is highly compatible with almost all types of skin. Once applied it does not leave any stickiness or greasy sensation. Slender Power Gel is the ultimate solution for reducing localized body fat, preventing sagging skin associated with the weight loss process, promoting a smooth and youthful looking skin.   *Disclaimer: These statements have not been evaluated by the Food and Drug Administration. This product is not intended to diagnose, treat, cure or prevent any disease.\" \/>\n<meta property=\"og:url\" content=\"https:\/\/newstagepower.com\/es\/producto\/slender-power-gel\/\" \/>\n<meta property=\"og:site_name\" content=\"New Stage\" \/>\n<meta property=\"article:modified_time\" content=\"2021-02-23T14:30:38+00:00\" \/>\n<meta property=\"og:image\" content=\"https:\/\/newstagepower.com\/wp-content\/uploads\/2020\/06\/SPLENDER-POWER-GEL-1400x1400-1.jpg\" \/>\n\t<meta property=\"og:image:width\" content=\"1400\" \/>\n\t<meta property=\"og:image:height\" content=\"1400\" \/>\n\t<meta property=\"og:image:type\" content=\"image\/jpeg\" \/>\n<meta name=\"twitter:card\" content=\"summary_large_image\" \/>\n<script type=\"application\/ld+json\" class=\"yoast-schema-graph\">{\"@context\":\"https:\/\/schema.org\",\"@graph\":[{\"@type\":\"WebSite\",\"@id\":\"https:\/\/newstagepower.com\/es\/#website\",\"url\":\"https:\/\/newstagepower.com\/es\/\",\"name\":\"New Stage\",\"description\":\"Healthy Living\",\"potentialAction\":[{\"@type\":\"SearchAction\",\"target\":{\"@type\":\"EntryPoint\",\"urlTemplate\":\"https:\/\/newstagepower.com\/es\/?s={search_term_string}\"},\"query-input\":\"required name=search_term_string\"}],\"inLanguage\":\"es-MX\"},{\"@type\":\"ImageObject\",\"@id\":\"https:\/\/newstagepower.com\/es\/producto\/slender-power-gel\/#primaryimage\",\"inLanguage\":\"es-MX\",\"url\":\"https:\/\/newstagepower.com\/wp-content\/uploads\/2020\/06\/SPLENDER-POWER-GEL-1400x1400-1.jpg\",\"contentUrl\":\"https:\/\/newstagepower.com\/wp-content\/uploads\/2020\/06\/SPLENDER-POWER-GEL-1400x1400-1.jpg\",\"width\":1400,\"height\":1400},{\"@type\":\"WebPage\",\"@id\":\"https:\/\/newstagepower.com\/es\/producto\/slender-power-gel\/#webpage\",\"url\":\"https:\/\/newstagepower.com\/es\/producto\/slender-power-gel\/\",\"name\":\"Slender Power Gel - New Stage\",\"isPartOf\":{\"@id\":\"https:\/\/newstagepower.com\/es\/#website\"},\"primaryImageOfPage\":{\"@id\":\"https:\/\/newstagepower.com\/es\/producto\/slender-power-gel\/#primaryimage\"},\"datePublished\":\"2020-06-10T22:41:20+00:00\",\"dateModified\":\"2021-02-23T14:30:38+00:00\",\"breadcrumb\":{\"@id\":\"https:\/\/newstagepower.com\/es\/producto\/slender-power-gel\/#breadcrumb\"},\"inLanguage\":\"es-MX\",\"potentialAction\":[{\"@type\":\"ReadAction\",\"target\":[\"https:\/\/newstagepower.com\/es\/producto\/slender-power-gel\/\"]}]},{\"@type\":\"BreadcrumbList\",\"@id\":\"https:\/\/newstagepower.com\/es\/producto\/slender-power-gel\/#breadcrumb\",\"itemListElement\":[{\"@type\":\"ListItem\",\"position\":1,\"name\":\"Home\",\"item\":\"https:\/\/newstagepower.com\/es\/\"},{\"@type\":\"ListItem\",\"position\":2,\"name\":\"Productos\",\"item\":\"https:\/\/newstagepower.com\/es\/shop\/\"},{\"@type\":\"ListItem\",\"position\":3,\"name\":\"Slender Power Gel\"}]}]}<\/script>\n<!-- \/ Yoast SEO plugin. -->","yoast_head_json":{"title":"Slender Power Gel - New Stage","robots":{"index":"index","follow":"follow","max-snippet":"max-snippet:-1","max-image-preview":"max-image-preview:large","max-video-preview":"max-video-preview:-1"},"canonical":"https:\/\/newstagepower.com\/es\/producto\/slender-power-gel\/","og_locale":"es_MX","og_type":"article","og_title":"Slender Power Gel - New Stage","og_description":"Slender Power Gel is a high-quality, unique, and enriched formula that contains efficient and natural sourced compounds, which enhance the natural processes of losing weight and whose herbal extracts make it suitable for alleviating muscle and joint pain. It has antioxidant properties and serves as a protective barrier between your cells and the environmental pollution that accelerates the aging process.  Slender Power Gel is absorbed very quickly, is effective for both men and women, and is highly compatible with almost all types of skin. Once applied it does not leave any stickiness or greasy sensation. Slender Power Gel is the ultimate solution for reducing localized body fat, preventing sagging skin associated with the weight loss process, promoting a smooth and youthful looking skin.   *Disclaimer: These statements have not been evaluated by the Food and Drug Administration. This product is not intended to diagnose, treat, cure or prevent any disease.","og_url":"https:\/\/newstagepower.com\/es\/producto\/slender-power-gel\/","og_site_name":"New Stage","article_modified_time":"2021-02-23T14:30:38+00:00","og_image":[{"width":1400,"height":1400,"url":"https:\/\/newstagepower.com\/wp-content\/uploads\/2020\/06\/SPLENDER-POWER-GEL-1400x1400-1.jpg","type":"image\/jpeg"}],"twitter_card":"summary_large_image","schema":{"@context":"https:\/\/schema.org","@graph":[{"@type":"WebSite","@id":"https:\/\/newstagepower.com\/es\/#website","url":"https:\/\/newstagepower.com\/es\/","name":"New Stage","description":"Healthy Living","potentialAction":[{"@type":"SearchAction","target":{"@type":"EntryPoint","urlTemplate":"https:\/\/newstagepower.com\/es\/?s={search_term_string}"},"query-input":"required name=search_term_string"}],"inLanguage":"es-MX"},{"@type":"ImageObject","@id":"https:\/\/newstagepower.com\/es\/producto\/slender-power-gel\/#primaryimage","inLanguage":"es-MX","url":"https:\/\/newstagepower.com\/wp-content\/uploads\/2020\/06\/SPLENDER-POWER-GEL-1400x1400-1.jpg","contentUrl":"https:\/\/newstagepower.com\/wp-content\/uploads\/2020\/06\/SPLENDER-POWER-GEL-1400x1400-1.jpg","width":1400,"height":1400},{"@type":"WebPage","@id":"https:\/\/newstagepower.com\/es\/producto\/slender-power-gel\/#webpage","url":"https:\/\/newstagepower.com\/es\/producto\/slender-power-gel\/","name":"Slender Power Gel - New Stage","isPartOf":{"@id":"https:\/\/newstagepower.com\/es\/#website"},"primaryImageOfPage":{"@id":"https:\/\/newstagepower.com\/es\/producto\/slender-power-gel\/#primaryimage"},"datePublished":"2020-06-10T22:41:20+00:00","dateModified":"2021-02-23T14:30:38+00:00","breadcrumb":{"@id":"https:\/\/newstagepower.com\/es\/producto\/slender-power-gel\/#breadcrumb"},"inLanguage":"es-MX","potentialAction":[{"@type":"ReadAction","target":["https:\/\/newstagepower.com\/es\/producto\/slender-power-gel\/"]}]},{"@type":"BreadcrumbList","@id":"https:\/\/newstagepower.com\/es\/producto\/slender-power-gel\/#breadcrumb","itemListElement":[{"@type":"ListItem","position":1,"name":"Home","item":"https:\/\/newstagepower.com\/es\/"},{"@type":"ListItem","position":2,"name":"Productos","item":"https:\/\/newstagepower.com\/es\/shop\/"},{"@type":"ListItem","position":3,"name":"Slender Power Gel"}]}]}},"_links":{"self":[{"href":"https:\/\/newstagepower.com\/es\/wp-json\/wp\/v2\/product\/82"}],"collection":[{"href":"https:\/\/newstagepower.com\/es\/wp-json\/wp\/v2\/product"}],"about":[{"href":"https:\/\/newstagepower.com\/es\/wp-json\/wp\/v2\/types\/product"}],"replies":[{"embeddable":true,"href":"https:\/\/newstagepower.com\/es\/wp-json\/wp\/v2\/comments?post=82"}],"wp:featuredmedia":[{"embeddable":true,"href":"https:\/\/newstagepower.com\/es\/wp-json\/wp\/v2\/media\/83"}],"wp:attachment":[{"href":"https:\/\/newstagepower.com\/es\/wp-json\/wp\/v2\/media?parent=82"}],"wp:term":[{"taxonomy":"product_cat","embeddable":true,"href":"https:\/\/newstagepower.com\/es\/wp-json\/wp\/v2\/product_cat?post=82"},{"taxonomy":"product_tag","embeddable":true,"href":"https:\/\/newstagepower.com\/es\/wp-json\/wp\/v2\/product_tag?post=82"}],"curies":[{"name":"wp","href":"https:\/\/api.w.org\/{rel}","templated":true}]}}