{"id":86,"date":"2020-06-10T22:45:13","date_gmt":"2020-06-10T22:45:13","guid":{"rendered":"https:\/\/newstagepower.com\/?post_type=product&#038;p=86"},"modified":"2020-12-15T17:16:13","modified_gmt":"2020-12-15T17:16:13","slug":"sugar-control","status":"publish","type":"product","link":"https:\/\/newstagepower.com\/es\/producto\/sugar-control\/","title":{"rendered":"Control de Azucar"},"content":{"rendered":"<p><strong>Activos<\/strong><br \/>\n<strong>Clorofila<\/strong>: Mantiene el sistema digestivo saludable.<br \/>\n<strong>Fructosa cristalina<\/strong>: No produce aumentos ni picos de az\u00facar en la sangre.<br \/>\n<strong>Minerales coloidales<\/strong>: Ayudan a eliminar las toxinas.<br \/>\n<strong>\u00c1cido f\u00falvico<\/strong>: Es un antioxidante que protege a las c\u00e9lulas de las toxinas naturales.<br \/>\n<strong>Gluconato de magnesio<\/strong>: Trata la disminuci\u00f3n del nivel de magnesio en sangre.<br \/>\n<strong>\u00c1cido c\u00edtrico<\/strong>: Se utiliza para eliminar bacterias.<br \/>\n<strong>Calcio<\/strong>: Ideal para fortalecer los huesos.<br \/>\n<strong>Sorbato de potasio<\/strong>: Se utiliza para inhibir el desarrollo de microorganismos que pueden provocar patolog\u00edas, como la Salmonella.<\/p>\n<p><strong>\u00bfC\u00f3mo se utiliza?<\/strong><br \/>\nUso recomendado: tomar 2 c\u00e1psulas dos veces al d\u00eda despu\u00e9s de una comida. Si tiene alguna duda, consulte a su m\u00e9dico de cabecera.<\/p>\n<p><strong>Combinalo con\u2026<\/strong><br \/>\nTo double or triple Youth Power efforts and begin to notice real changes in your physical and mood, complement it with our New Stage supplements like Immune Stage.<\/p>","protected":false},"excerpt":{"rendered":"<p>Si tienes problemas regulando el az\u00facar, si eres diab\u00e9tico y te cuesta cuidarte, si quieres ayudar a tu cuerpo a fabricar insulina de manera natural y saludable, Sugar Control es la opci\u00f3n ideal para controlar el nivel de az\u00facar en sangre.<\/p>\n<p>Sugar Control ayuda al p\u00e1ncreas a liberar insulina para regular el az\u00facar que se encuentra en el torrente sangu\u00edneo. La insulina se calibra cuidadosamente para mantener la glucosa en la medida correcta.<\/p>\n<p><strong>Beneficios<\/strong><br \/>\n-Es apto para diab\u00e9ticos.<br \/>\n-Tiene propiedades antioxidantes.<br \/>\n-Contribuye al correcto funcionamiento del torrente sangu\u00edneo.<\/p>","protected":false},"featured_media":87,"comment_status":"open","ping_status":"closed","template":"","meta":{"spay_email":""},"product_cat":[20,34],"product_tag":[],"yoast_head":"<!-- This site is optimized with the Yoast SEO plugin v18.3 - https:\/\/yoast.com\/wordpress\/plugins\/seo\/ -->\n<title>Sugar Control - New Stage<\/title>\n<meta name=\"robots\" content=\"index, follow, max-snippet:-1, max-image-preview:large, max-video-preview:-1\" \/>\n<link rel=\"canonical\" href=\"https:\/\/newstagepower.com\/es\/producto\/sugar-control\/\" \/>\n<meta property=\"og:locale\" content=\"es_MX\" \/>\n<meta property=\"og:type\" content=\"article\" \/>\n<meta property=\"og:title\" content=\"Sugar Control - New Stage\" \/>\n<meta property=\"og:description\" content=\"If you have problems regulating sugar, if you are diabetic and you have trouble taking care of yourself, if you want to help your body make insulin in a natural and healthy way, Sugar Control is the ideal option to control blood sugar level.  Sugar Control helps the pancreas release insulin to regulate the sugar that is in the bloodstream. Insulin is carefully calibrated to keep glucose at the correct level.  Benefits -It is suitable for diabetics. -It has antioxidant properties. -Contributes to the proper functioning of the bloodstream.\" \/>\n<meta property=\"og:url\" content=\"https:\/\/newstagepower.com\/es\/producto\/sugar-control\/\" \/>\n<meta property=\"og:site_name\" content=\"New Stage\" \/>\n<meta property=\"article:modified_time\" content=\"2020-12-15T17:16:13+00:00\" \/>\n<meta property=\"og:image\" content=\"https:\/\/newstagepower.com\/wp-content\/uploads\/2020\/06\/SUGARCONTROL-1400x1400-1.jpg\" \/>\n\t<meta property=\"og:image:width\" content=\"1400\" \/>\n\t<meta property=\"og:image:height\" content=\"1400\" \/>\n\t<meta property=\"og:image:type\" content=\"image\/jpeg\" \/>\n<meta name=\"twitter:card\" content=\"summary_large_image\" \/>\n<meta name=\"twitter:label1\" content=\"Tiempo de lectura\" \/>\n\t<meta name=\"twitter:data1\" content=\"1 minuto\" \/>\n<script type=\"application\/ld+json\" class=\"yoast-schema-graph\">{\"@context\":\"https:\/\/schema.org\",\"@graph\":[{\"@type\":\"WebSite\",\"@id\":\"https:\/\/newstagepower.com\/es\/#website\",\"url\":\"https:\/\/newstagepower.com\/es\/\",\"name\":\"New Stage\",\"description\":\"Healthy Living\",\"potentialAction\":[{\"@type\":\"SearchAction\",\"target\":{\"@type\":\"EntryPoint\",\"urlTemplate\":\"https:\/\/newstagepower.com\/es\/?s={search_term_string}\"},\"query-input\":\"required name=search_term_string\"}],\"inLanguage\":\"es-MX\"},{\"@type\":\"ImageObject\",\"@id\":\"https:\/\/newstagepower.com\/es\/producto\/sugar-control\/#primaryimage\",\"inLanguage\":\"es-MX\",\"url\":\"https:\/\/newstagepower.com\/wp-content\/uploads\/2020\/06\/SUGARCONTROL-1400x1400-1.jpg\",\"contentUrl\":\"https:\/\/newstagepower.com\/wp-content\/uploads\/2020\/06\/SUGARCONTROL-1400x1400-1.jpg\",\"width\":1400,\"height\":1400},{\"@type\":\"WebPage\",\"@id\":\"https:\/\/newstagepower.com\/es\/producto\/sugar-control\/#webpage\",\"url\":\"https:\/\/newstagepower.com\/es\/producto\/sugar-control\/\",\"name\":\"Sugar Control - New Stage\",\"isPartOf\":{\"@id\":\"https:\/\/newstagepower.com\/es\/#website\"},\"primaryImageOfPage\":{\"@id\":\"https:\/\/newstagepower.com\/es\/producto\/sugar-control\/#primaryimage\"},\"datePublished\":\"2020-06-10T22:45:13+00:00\",\"dateModified\":\"2020-12-15T17:16:13+00:00\",\"breadcrumb\":{\"@id\":\"https:\/\/newstagepower.com\/es\/producto\/sugar-control\/#breadcrumb\"},\"inLanguage\":\"es-MX\",\"potentialAction\":[{\"@type\":\"ReadAction\",\"target\":[\"https:\/\/newstagepower.com\/es\/producto\/sugar-control\/\"]}]},{\"@type\":\"BreadcrumbList\",\"@id\":\"https:\/\/newstagepower.com\/es\/producto\/sugar-control\/#breadcrumb\",\"itemListElement\":[{\"@type\":\"ListItem\",\"position\":1,\"name\":\"Home\",\"item\":\"https:\/\/newstagepower.com\/es\/\"},{\"@type\":\"ListItem\",\"position\":2,\"name\":\"Productos\",\"item\":\"https:\/\/newstagepower.com\/es\/shop\/\"},{\"@type\":\"ListItem\",\"position\":3,\"name\":\"Sugar Control\"}]}]}<\/script>\n<!-- \/ Yoast SEO plugin. -->","yoast_head_json":{"title":"Sugar Control - New Stage","robots":{"index":"index","follow":"follow","max-snippet":"max-snippet:-1","max-image-preview":"max-image-preview:large","max-video-preview":"max-video-preview:-1"},"canonical":"https:\/\/newstagepower.com\/es\/producto\/sugar-control\/","og_locale":"es_MX","og_type":"article","og_title":"Sugar Control - New Stage","og_description":"If you have problems regulating sugar, if you are diabetic and you have trouble taking care of yourself, if you want to help your body make insulin in a natural and healthy way, Sugar Control is the ideal option to control blood sugar level.  Sugar Control helps the pancreas release insulin to regulate the sugar that is in the bloodstream. Insulin is carefully calibrated to keep glucose at the correct level.  Benefits -It is suitable for diabetics. -It has antioxidant properties. -Contributes to the proper functioning of the bloodstream.","og_url":"https:\/\/newstagepower.com\/es\/producto\/sugar-control\/","og_site_name":"New Stage","article_modified_time":"2020-12-15T17:16:13+00:00","og_image":[{"width":1400,"height":1400,"url":"https:\/\/newstagepower.com\/wp-content\/uploads\/2020\/06\/SUGARCONTROL-1400x1400-1.jpg","type":"image\/jpeg"}],"twitter_card":"summary_large_image","twitter_misc":{"Tiempo de lectura":"1 minuto"},"schema":{"@context":"https:\/\/schema.org","@graph":[{"@type":"WebSite","@id":"https:\/\/newstagepower.com\/es\/#website","url":"https:\/\/newstagepower.com\/es\/","name":"New Stage","description":"Healthy Living","potentialAction":[{"@type":"SearchAction","target":{"@type":"EntryPoint","urlTemplate":"https:\/\/newstagepower.com\/es\/?s={search_term_string}"},"query-input":"required name=search_term_string"}],"inLanguage":"es-MX"},{"@type":"ImageObject","@id":"https:\/\/newstagepower.com\/es\/producto\/sugar-control\/#primaryimage","inLanguage":"es-MX","url":"https:\/\/newstagepower.com\/wp-content\/uploads\/2020\/06\/SUGARCONTROL-1400x1400-1.jpg","contentUrl":"https:\/\/newstagepower.com\/wp-content\/uploads\/2020\/06\/SUGARCONTROL-1400x1400-1.jpg","width":1400,"height":1400},{"@type":"WebPage","@id":"https:\/\/newstagepower.com\/es\/producto\/sugar-control\/#webpage","url":"https:\/\/newstagepower.com\/es\/producto\/sugar-control\/","name":"Sugar Control - New Stage","isPartOf":{"@id":"https:\/\/newstagepower.com\/es\/#website"},"primaryImageOfPage":{"@id":"https:\/\/newstagepower.com\/es\/producto\/sugar-control\/#primaryimage"},"datePublished":"2020-06-10T22:45:13+00:00","dateModified":"2020-12-15T17:16:13+00:00","breadcrumb":{"@id":"https:\/\/newstagepower.com\/es\/producto\/sugar-control\/#breadcrumb"},"inLanguage":"es-MX","potentialAction":[{"@type":"ReadAction","target":["https:\/\/newstagepower.com\/es\/producto\/sugar-control\/"]}]},{"@type":"BreadcrumbList","@id":"https:\/\/newstagepower.com\/es\/producto\/sugar-control\/#breadcrumb","itemListElement":[{"@type":"ListItem","position":1,"name":"Home","item":"https:\/\/newstagepower.com\/es\/"},{"@type":"ListItem","position":2,"name":"Productos","item":"https:\/\/newstagepower.com\/es\/shop\/"},{"@type":"ListItem","position":3,"name":"Sugar Control"}]}]}},"_links":{"self":[{"href":"https:\/\/newstagepower.com\/es\/wp-json\/wp\/v2\/product\/86"}],"collection":[{"href":"https:\/\/newstagepower.com\/es\/wp-json\/wp\/v2\/product"}],"about":[{"href":"https:\/\/newstagepower.com\/es\/wp-json\/wp\/v2\/types\/product"}],"replies":[{"embeddable":true,"href":"https:\/\/newstagepower.com\/es\/wp-json\/wp\/v2\/comments?post=86"}],"wp:featuredmedia":[{"embeddable":true,"href":"https:\/\/newstagepower.com\/es\/wp-json\/wp\/v2\/media\/87"}],"wp:attachment":[{"href":"https:\/\/newstagepower.com\/es\/wp-json\/wp\/v2\/media?parent=86"}],"wp:term":[{"taxonomy":"product_cat","embeddable":true,"href":"https:\/\/newstagepower.com\/es\/wp-json\/wp\/v2\/product_cat?post=86"},{"taxonomy":"product_tag","embeddable":true,"href":"https:\/\/newstagepower.com\/es\/wp-json\/wp\/v2\/product_tag?post=86"}],"curies":[{"name":"wp","href":"https:\/\/api.w.org\/{rel}","templated":true}]}}