{"id":88,"date":"2020-06-10T22:47:14","date_gmt":"2020-06-10T22:47:14","guid":{"rendered":"https:\/\/newstagepower.com\/?post_type=product&#038;p=88"},"modified":"2020-08-04T23:26:31","modified_gmt":"2020-08-04T23:26:31","slug":"youth-power","status":"publish","type":"product","link":"https:\/\/newstagepower.com\/es\/producto\/youth-power\/","title":{"rendered":"Poder Juvenil"},"content":{"rendered":"<p>HECHOS SUPLEMENTARIOS<\/p>\n<p>Serving size: 1 oz, Serving per Container: 32<\/p>\n<p>CADA C\u00c1PSULA CONTIENE<\/p>\n<p>Trans-Resveratrol, grave seed extract, grape skin extract, pine bark extract. Other ingredients: Cellulose (capsule shell), magnesium stearate, silica, maltodextrin.<\/p>","protected":false},"excerpt":{"rendered":"<p><span lang=\"EN-US\">Youth Power presenta la potencia y las propiedades antioxidantes del resveratrol. Este compuesto premium, asociado con la prolongaci\u00f3n de la vida y otros beneficios para la salud, combinado con otras sustancias naturales a base de plantas, hacen de Youth Power una forma natural fant\u00e1stica de mantener un excelente vigor y apariencia juveniles, as\u00ed como promover la salud y el bienestar en general.\u00a0<\/span><\/p>\n<p><span lang=\"EN-US\">Los ingredientes naturales de Youth Power act\u00faan juntos para apoyar el sistema cardiovascular y reducir el riesgo de enfermedades card\u00edacas, promover un sistema inmunol\u00f3gico saludable y ayudar a combatir infecciones bacterianas, f\u00fangicas y virales, apoya las articulaciones, el sistema nervioso y la funci\u00f3n cerebral saludable. Adem\u00e1s, Youth Power controla la inflamaci\u00f3n, ayuda a bloquear el desarrollo de c\u00e9lulas cancerosas y protege contra la radiaci\u00f3n.<\/span><\/p>\n<p><span lang=\"EN-US\" style=\"font-size: 7px;\">* Descargo de responsabilidad: Estas declaraciones no han sido evaluadas por la Administraci\u00f3n de Alimentos y Medicamentos. Este producto no est\u00e1 destinado a diagnosticar, tratar, curar o prevenir ninguna enfermedad.<\/span><\/p>","protected":false},"featured_media":89,"comment_status":"open","ping_status":"closed","template":"","meta":{"spay_email":""},"product_cat":[35,20],"product_tag":[],"yoast_head":"<!-- This site is optimized with the Yoast SEO plugin v18.3 - https:\/\/yoast.com\/wordpress\/plugins\/seo\/ -->\n<title>Youth Power - New Stage<\/title>\n<meta name=\"robots\" content=\"index, follow, max-snippet:-1, max-image-preview:large, max-video-preview:-1\" \/>\n<link rel=\"canonical\" href=\"https:\/\/newstagepower.com\/es\/producto\/youth-power\/\" \/>\n<meta property=\"og:locale\" content=\"es_MX\" \/>\n<meta property=\"og:type\" content=\"article\" \/>\n<meta property=\"og:title\" content=\"Youth Power - New Stage\" \/>\n<meta property=\"og:description\" content=\"Youth Power features the potency and anti-oxidant properties of Resveratrol. This premium compound, associated with life extension and other health benefits, combined with other natural plant-based substances, make Youth Power a fantastic natural way to maintain excellent youthful vigor and appearance, as well as promoting overall health and well-being.\u00a0  Youth Power natural ingredients act together to support the cardiovascular system and reduce the risk of heart disease, promote a healthy immune system and help fight bacterial, fungal, and viral infections, supports joints, the nervous system, and healthy brain function. In addition, Youth Power controls inflammation, helps to block the development of cancer cells and protects against radiation.  *Disclaimer: These statements have not been evaluated by the Food and Drug Administration. This product is not intended to diagnose, treat, cure or prevent any disease.\" \/>\n<meta property=\"og:url\" content=\"https:\/\/newstagepower.com\/es\/producto\/youth-power\/\" \/>\n<meta property=\"og:site_name\" content=\"New Stage\" \/>\n<meta property=\"article:modified_time\" content=\"2020-08-04T23:26:31+00:00\" \/>\n<meta property=\"og:image\" content=\"https:\/\/newstagepower.com\/wp-content\/uploads\/2020\/06\/YOUTH-POWER-1400x1400-1.jpg\" \/>\n\t<meta property=\"og:image:width\" content=\"1400\" \/>\n\t<meta property=\"og:image:height\" content=\"1400\" \/>\n\t<meta property=\"og:image:type\" content=\"image\/jpeg\" \/>\n<meta name=\"twitter:card\" content=\"summary_large_image\" \/>\n<script type=\"application\/ld+json\" class=\"yoast-schema-graph\">{\"@context\":\"https:\/\/schema.org\",\"@graph\":[{\"@type\":\"WebSite\",\"@id\":\"https:\/\/newstagepower.com\/es\/#website\",\"url\":\"https:\/\/newstagepower.com\/es\/\",\"name\":\"New Stage\",\"description\":\"Healthy Living\",\"potentialAction\":[{\"@type\":\"SearchAction\",\"target\":{\"@type\":\"EntryPoint\",\"urlTemplate\":\"https:\/\/newstagepower.com\/es\/?s={search_term_string}\"},\"query-input\":\"required name=search_term_string\"}],\"inLanguage\":\"es-MX\"},{\"@type\":\"ImageObject\",\"@id\":\"https:\/\/newstagepower.com\/es\/producto\/youth-power\/#primaryimage\",\"inLanguage\":\"es-MX\",\"url\":\"https:\/\/newstagepower.com\/wp-content\/uploads\/2020\/06\/YOUTH-POWER-1400x1400-1.jpg\",\"contentUrl\":\"https:\/\/newstagepower.com\/wp-content\/uploads\/2020\/06\/YOUTH-POWER-1400x1400-1.jpg\",\"width\":1400,\"height\":1400},{\"@type\":\"WebPage\",\"@id\":\"https:\/\/newstagepower.com\/es\/producto\/youth-power\/#webpage\",\"url\":\"https:\/\/newstagepower.com\/es\/producto\/youth-power\/\",\"name\":\"Youth Power - New Stage\",\"isPartOf\":{\"@id\":\"https:\/\/newstagepower.com\/es\/#website\"},\"primaryImageOfPage\":{\"@id\":\"https:\/\/newstagepower.com\/es\/producto\/youth-power\/#primaryimage\"},\"datePublished\":\"2020-06-10T22:47:14+00:00\",\"dateModified\":\"2020-08-04T23:26:31+00:00\",\"breadcrumb\":{\"@id\":\"https:\/\/newstagepower.com\/es\/producto\/youth-power\/#breadcrumb\"},\"inLanguage\":\"es-MX\",\"potentialAction\":[{\"@type\":\"ReadAction\",\"target\":[\"https:\/\/newstagepower.com\/es\/producto\/youth-power\/\"]}]},{\"@type\":\"BreadcrumbList\",\"@id\":\"https:\/\/newstagepower.com\/es\/producto\/youth-power\/#breadcrumb\",\"itemListElement\":[{\"@type\":\"ListItem\",\"position\":1,\"name\":\"Home\",\"item\":\"https:\/\/newstagepower.com\/es\/\"},{\"@type\":\"ListItem\",\"position\":2,\"name\":\"Productos\",\"item\":\"https:\/\/newstagepower.com\/es\/shop\/\"},{\"@type\":\"ListItem\",\"position\":3,\"name\":\"Youth Power\"}]}]}<\/script>\n<!-- \/ Yoast SEO plugin. -->","yoast_head_json":{"title":"Youth Power - New Stage","robots":{"index":"index","follow":"follow","max-snippet":"max-snippet:-1","max-image-preview":"max-image-preview:large","max-video-preview":"max-video-preview:-1"},"canonical":"https:\/\/newstagepower.com\/es\/producto\/youth-power\/","og_locale":"es_MX","og_type":"article","og_title":"Youth Power - New Stage","og_description":"Youth Power features the potency and anti-oxidant properties of Resveratrol. This premium compound, associated with life extension and other health benefits, combined with other natural plant-based substances, make Youth Power a fantastic natural way to maintain excellent youthful vigor and appearance, as well as promoting overall health and well-being.\u00a0  Youth Power natural ingredients act together to support the cardiovascular system and reduce the risk of heart disease, promote a healthy immune system and help fight bacterial, fungal, and viral infections, supports joints, the nervous system, and healthy brain function. In addition, Youth Power controls inflammation, helps to block the development of cancer cells and protects against radiation.  *Disclaimer: These statements have not been evaluated by the Food and Drug Administration. This product is not intended to diagnose, treat, cure or prevent any disease.","og_url":"https:\/\/newstagepower.com\/es\/producto\/youth-power\/","og_site_name":"New Stage","article_modified_time":"2020-08-04T23:26:31+00:00","og_image":[{"width":1400,"height":1400,"url":"https:\/\/newstagepower.com\/wp-content\/uploads\/2020\/06\/YOUTH-POWER-1400x1400-1.jpg","type":"image\/jpeg"}],"twitter_card":"summary_large_image","schema":{"@context":"https:\/\/schema.org","@graph":[{"@type":"WebSite","@id":"https:\/\/newstagepower.com\/es\/#website","url":"https:\/\/newstagepower.com\/es\/","name":"New Stage","description":"Healthy Living","potentialAction":[{"@type":"SearchAction","target":{"@type":"EntryPoint","urlTemplate":"https:\/\/newstagepower.com\/es\/?s={search_term_string}"},"query-input":"required name=search_term_string"}],"inLanguage":"es-MX"},{"@type":"ImageObject","@id":"https:\/\/newstagepower.com\/es\/producto\/youth-power\/#primaryimage","inLanguage":"es-MX","url":"https:\/\/newstagepower.com\/wp-content\/uploads\/2020\/06\/YOUTH-POWER-1400x1400-1.jpg","contentUrl":"https:\/\/newstagepower.com\/wp-content\/uploads\/2020\/06\/YOUTH-POWER-1400x1400-1.jpg","width":1400,"height":1400},{"@type":"WebPage","@id":"https:\/\/newstagepower.com\/es\/producto\/youth-power\/#webpage","url":"https:\/\/newstagepower.com\/es\/producto\/youth-power\/","name":"Youth Power - New Stage","isPartOf":{"@id":"https:\/\/newstagepower.com\/es\/#website"},"primaryImageOfPage":{"@id":"https:\/\/newstagepower.com\/es\/producto\/youth-power\/#primaryimage"},"datePublished":"2020-06-10T22:47:14+00:00","dateModified":"2020-08-04T23:26:31+00:00","breadcrumb":{"@id":"https:\/\/newstagepower.com\/es\/producto\/youth-power\/#breadcrumb"},"inLanguage":"es-MX","potentialAction":[{"@type":"ReadAction","target":["https:\/\/newstagepower.com\/es\/producto\/youth-power\/"]}]},{"@type":"BreadcrumbList","@id":"https:\/\/newstagepower.com\/es\/producto\/youth-power\/#breadcrumb","itemListElement":[{"@type":"ListItem","position":1,"name":"Home","item":"https:\/\/newstagepower.com\/es\/"},{"@type":"ListItem","position":2,"name":"Productos","item":"https:\/\/newstagepower.com\/es\/shop\/"},{"@type":"ListItem","position":3,"name":"Youth Power"}]}]}},"_links":{"self":[{"href":"https:\/\/newstagepower.com\/es\/wp-json\/wp\/v2\/product\/88"}],"collection":[{"href":"https:\/\/newstagepower.com\/es\/wp-json\/wp\/v2\/product"}],"about":[{"href":"https:\/\/newstagepower.com\/es\/wp-json\/wp\/v2\/types\/product"}],"replies":[{"embeddable":true,"href":"https:\/\/newstagepower.com\/es\/wp-json\/wp\/v2\/comments?post=88"}],"wp:featuredmedia":[{"embeddable":true,"href":"https:\/\/newstagepower.com\/es\/wp-json\/wp\/v2\/media\/89"}],"wp:attachment":[{"href":"https:\/\/newstagepower.com\/es\/wp-json\/wp\/v2\/media?parent=88"}],"wp:term":[{"taxonomy":"product_cat","embeddable":true,"href":"https:\/\/newstagepower.com\/es\/wp-json\/wp\/v2\/product_cat?post=88"},{"taxonomy":"product_tag","embeddable":true,"href":"https:\/\/newstagepower.com\/es\/wp-json\/wp\/v2\/product_tag?post=88"}],"curies":[{"name":"wp","href":"https:\/\/api.w.org\/{rel}","templated":true}]}}